{"id":9413,"date":"2014-07-04T10:38:55","date_gmt":"2014-07-04T08:38:55","guid":{"rendered":"http:\/\/localhost:8888\/themes\/ventory\/?page_id=9413"},"modified":"2024-10-29T10:02:47","modified_gmt":"2024-10-29T09:02:47","slug":"qui-sommes-nous","status":"publish","type":"page","link":"https:\/\/omicrone.fr\/fr\/pages\/qui-sommes-nous\/","title":{"rendered":"Qui sommes nous?"},"content":{"rendered":"<p>[vc_row bg_image=\u00a0\u00bb15490&Prime; bg_color=\u00a0\u00bb#1c9cc9&Prime; top_padding=\u00a0\u00bb310&Prime; bottom_padding=\u00a0\u00bb120&Prime; bg_position=\u00a0\u00bbcenter center\u00a0\u00bb][vc_column width=\u00a0\u00bb1\/1&Prime;]<h1 class=\"headline font-special fontsize-xxxl fontweight-700 lh-13 align-left transform-inherit lowercase\" style=\"margin: 0 0 20px 0; color: #ffffff;\">Conseil et int\u00e9gration<br \/>\nd\u00e9di\u00e9e IT du futur<\/h1><div class=\"headline font-inherit fontsize-xxl fontweight-300 lh-inherit align-left transform-inherit \" style=\"margin: 0; color: #ffffff;\">Omicrone est un cabinet fran\u00e7ais ind\u00e9pendant<\/div>[\/vc_column][\/vc_row][vc_row top_padding=\u00a0\u00bb100&Prime; bottom_padding=\u00a0\u00bb100&Prime;][vc_column width=\u00a0\u00bb2\/3&Prime;]<div class=\"headline font-inherit fontsize-s fontweight-inherit lh-inherit align-left transform-inherit \" style=\"margin: 0; color: #666666;\">\n<p align=\"justify\">Omicrone est un cabinet fran\u00e7ais ind\u00e9pendant, Omicrone est n\u00e9 en 2011 par deux consultants passionn\u00e9s. Tous deux issus de grands cabinets de conseil et port\u00e9s par une volont\u00e9 d\u2019entreprendre et de faire leur m\u00e9tier autrement, ils ont cr\u00e9\u00e9 un cabinet hybride, \u00e0 la crois\u00e9e des grands cabinets et des start-ups.<br \/>\nDes missions \u00e0 forte valeur ajout\u00e9e d\u00e9clin\u00e9es par des \u00e9quipes passionn\u00e9es et engag\u00e9es qui s\u2019appuient sur des m\u00e9thodologies et des \u00ab acc\u00e9l\u00e9rateurs \u00bb construits au fil des r\u00e9alisations depuis une dizaine d\u2019ann\u00e9es.<br \/>\nOmicrone combine des comp\u00e9tences m\u00e9tiers et des innovations technologiques pour accompagner des projets strat\u00e9giques de transformation qui visent \u00e0 am\u00e9liorer la performance.<br \/>\nOmicrone accompagne les plus grands acteurs de l\u2019assurance et de la banque afin de r\u00e9pondre a\u0300 leurs enjeux op\u00e9rationnels et r\u00e9glementaires.<\/p>\n<\/div>[\/vc_column][vc_column column_center=\u00a0\u00bbtrue\u00a0\u00bb text_align=\u00a0\u00bbright\u00a0\u00bb width=\u00a0\u00bb1\/3&Prime;][vc_column_text]<a href=\"http:\/\/omicrone.fr\/fr\/pages\/expertises\" target=\"_self\" class=\"button color-3 large \" style=\"border-radius: 2px;\">Expertises<\/a>\n<p>[\/vc_column_text][\/vc_column][\/vc_row][vc_row type=\u00a0\u00bbfull_width_section\u00a0\u00bb bg_position=\u00a0\u00bbleft top\u00a0\u00bb][vc_column bg_color=\u00a0\u00bb#222222&Prime; column_padding=\u00a0\u00bbpadding-5&Prime; column_center=\u00a0\u00bbtrue\u00a0\u00bb text_color=\u00a0\u00bblight\u00a0\u00bb width=\u00a0\u00bb1\/3&Prime;][vc_column_text]<\/p>\n<h3 class=\"font-special\">Notre mission<\/h3>\n<p align=\"justify\">Notre mission consiste \u00e0 offrir \u00e0 nos clients des services de conseil et d\u2019assistance pour les aider \u00e0 concevoir, d\u00e9velopper et lancer de nouveaux produits et services, ainsi qu\u2019\u00e0 am\u00e9liorer leurs syst\u00e8mes d\u2019information afin d\u2019optimiser leur performance commerciale.<\/p>\n<p>[\/vc_column_text][\/vc_column][vc_column bg_image=\u00a0\u00bb15492&Prime; column_padding=\u00a0\u00bbpadding-5&Prime; column_center=\u00a0\u00bbtrue\u00a0\u00bb width=\u00a0\u00bb1\/3&Prime;]<div class=\"spacer\" style=\"height: 200px;\"><\/div>[\/vc_column][vc_column bg_color=\u00a0\u00bb#fafafa\u00a0\u00bb bg_image=\u00a0\u00bb15493&Prime; column_padding=\u00a0\u00bbpadding-5&Prime; column_center=\u00a0\u00bbtrue\u00a0\u00bb width=\u00a0\u00bb1\/3&Prime;]<div class=\"spacer\" style=\"height: 200px;\"><\/div>[\/vc_column][\/vc_row][vc_row type=\u00a0\u00bbfull_width_section\u00a0\u00bb bg_position=\u00a0\u00bbleft top\u00a0\u00bb][vc_column bg_image=\u00a0\u00bb15494&Prime; column_padding=\u00a0\u00bbpadding-5&Prime; column_center=\u00a0\u00bbtrue\u00a0\u00bb width=\u00a0\u00bb1\/3&Prime;]<div class=\"spacer\" style=\"height: 200px;\"><\/div>[\/vc_column][vc_column bg_color=\u00a0\u00bb#1c9cc9&Prime; column_padding=\u00a0\u00bbpadding-5&Prime; column_center=\u00a0\u00bbtrue\u00a0\u00bb text_color=\u00a0\u00bblight\u00a0\u00bb width=\u00a0\u00bb1\/3&Prime;][vc_column_text]<\/p>\n<h3 class=\"font-special\">Notre ambition<\/h3>\n<p align=\"justify\">Nous aspirons \u00e0 devenir un acteur majeur dans le domaine du conseil en mati\u00e8re d\u2019innovation en am\u00e9liorant constamment notre mod\u00e8le pour offrir une valeur ajout\u00e9e accrue et renforcer la relation de confiance avec nos clients.<\/p>\n<p>[\/vc_column_text][\/vc_column][vc_column bg_image=\u00a0\u00bb15495&Prime; column_padding=\u00a0\u00bbpadding-5&Prime; column_center=\u00a0\u00bbtrue\u00a0\u00bb width=\u00a0\u00bb1\/3&Prime;]<div class=\"spacer\" style=\"height: 200px;\"><\/div>[\/vc_column][\/vc_row][vc_row top_padding=\u00a0\u00bb40&Prime; bottom_padding=\u00a0\u00bb40&Prime; bg_position=\u00a0\u00bbleft top\u00a0\u00bb][vc_column width=\u00a0\u00bb1\/4&Prime;]<div class=\"counter clearfix wpb_content_element\"><div class=\"counter-number\" style=\"color: #444444 !important;\">136<\/div><span class=\"counter-title\">Clients<\/span><\/div>[\/vc_column][vc_column width=\u00a0\u00bb1\/4&Prime;]<div class=\"counter clearfix wpb_content_element\"><div class=\"counter-number\" style=\"color: #444444 !important;\">80<\/div><span class=\"counter-title\">Consultants<\/span><\/div>[\/vc_column][vc_column width=\u00a0\u00bb1\/4&Prime;]<div class=\"counter clearfix wpb_content_element\"><div class=\"counter-number\" style=\"color: #444444 !important;\">30%<\/div><span class=\"counter-title\">Croissance annuelle<\/span><\/div>[\/vc_column][vc_column width=\u00a0\u00bb1\/4&Prime;]<div class=\"counter clearfix wpb_content_element\"><div class=\"counter-number\" style=\"color: #444444 !important;\">521<\/div><span class=\"counter-title\">Projets<\/span><\/div>[\/vc_column][\/vc_row][vc_row type=\u00a0\u00bbfull_width_section\u00a0\u00bb bg_position=\u00a0\u00bbleft top\u00a0\u00bb][vc_column width=\u00a0\u00bb1\/1&Prime;]<div class=\"divider divider1\" style='margin:0 !important;'><\/div>[\/vc_column][\/vc_row][vc_row top_padding=\u00a0\u00bb60&Prime; bg_position=\u00a0\u00bbleft top\u00a0\u00bb][vc_column width=\u00a0\u00bb1\/1&Prime;]<h2 class=\"headline font-special fontsize-xl fontweight-700 lh-inherit align-center transform-uppercase \" style=\"margin: 0 0 20px 0;\">Nos cofondateurs<\/h2><div class=\"headline font-inherit fontsize-l fontweight-inherit lh-inherit align-center transform-inherit \" style=\"margin: 0 0 20px 0; color: #999999;\"><\/div>[\/vc_column][\/vc_row][vc_row top_padding=\u00a0\u00bb40&Prime; bottom_padding=\u00a0\u00bb120&Prime; bg_position=\u00a0\u00bbcenter center\u00a0\u00bb][vc_column width=\u00a0\u00bb1\/3&Prime;]<div class=\"member wpb_content_element\"><div class=\"member-img\"><img src=\"https:\/\/omicrone.fr\/fr\/wp-content\/uploads\/2023\/05\/hedi-corpo.jpg\" alt=\"\" \/><\/div><h4>Hedi Jridi<\/h4><div class=\"member-role\">CEO &amp; Co-Founder<\/div><div class=\"member-content\"><p>Dirigeant d\u2019Omicrone, EXPERT en SI, j\u2019accompagne dans leurs diff\u00e9rentes phases de PROJET de SYSTEMES D\u2019INFORMATION et en TRANSFORMATION DIGITALE les entreprises de la finance, assurance, \u00e9nergie, industrie, ou e-commerce.<\/p><\/div><\/div>[\/vc_column][vc_column width=\u00a0\u00bb1\/3&Prime;]<div class=\"member wpb_content_element\"><div class=\"member-img\"><img src=\"https:\/\/omicrone.fr\/fr\/wp-content\/uploads\/2023\/05\/mahmoud-corpo.jpg\" alt=\"\" \/><\/div><h4>Mahmoud Gourar<\/h4><div class=\"member-role\">CFO &amp; Co-Founder<\/div><div class=\"member-content\"><p>En 2011, Mahmoud Gourar a co-cr\u00e9\u00e9 Omicrone, une entreprise d\u00e9di\u00e9e \u00e0 accompagner ses partenaires dans leur transition digitale et leurs projets informatiques.<\/p>\n<p>Omicrone se distingue par son professionnalisme, sa bienveillance et sa transparence, ce qui lui permet de s\u00e9duire \u00e0 la fois ses clients et ses consultants. L&rsquo;entreprise a la capacit\u00e9 de comprendre et d&rsquo;\u00e9valuer toutes les sp\u00e9cificit\u00e9s pour les lib\u00e9rer gr\u00e2ce \u00e0 une approche humaine, sur mesure et durable.<\/p><\/div><ul class=\"social-icons clearfix\"><li class=\"social-icon social-linkedin\"><a href=\"https:\/\/www.linkedin.com\/in\/mahmoudgourar\/\" target=\"_blank\" title=\"LinkedIn\"><i class=\"fa fa-linkedin\"><\/i><\/a><\/li><li class=\"social-icon social-email\"><a href=\"mailto:m.gourar@omicrone.fr\" title=\"Mail\"><i class=\"fa fa-send-o\"><\/i><\/a><\/li><\/ul><\/div>[\/vc_column][\/vc_row][vc_row bg_image=\u00a0\u00bb15501&Prime; bg_color=\u00a0\u00bb#1cbac8&Prime; text_color=\u00a0\u00bblight\u00a0\u00bb top_padding=\u00a0\u00bb60&Prime; bottom_padding=\u00a0\u00bb60&Prime;][vc_column width=\u00a0\u00bb1\/1&Prime;][\/vc_column][\/vc_row][vc_row top_padding=\u00a0\u00bb120&Prime; bottom_padding=\u00a0\u00bb80&Prime; bg_position=\u00a0\u00bbleft top\u00a0\u00bb][vc_column width=\u00a0\u00bb1\/1&Prime;]<h2 class=\"headline font-special fontsize-xl fontweight-700 lh-inherit align-center transform-uppercase \" style=\"margin: 0 0 20px 0;\">Pourquoi vous devriez travailler avec nous<\/h2><div class=\"headline font-inherit fontsize-l fontweight-inherit lh-inherit align-center transform-inherit \" style=\"margin: 0 0 40px 0; color: #999999;\">Si vous \u00eates \u00e0 la recherche d&rsquo;une entreprise dynamique et innovante avec laquelle travailler, vous \u00eates au bon endroit.<\/div>[vc_row_inner][vc_column_inner width=\u00a0\u00bb1\/3&Prime;][vc_column_text]<\/p>\n<h6>Notre culture d&rsquo;entreprise<\/h6>\n<p align=\"justify\">Nous croyons en la valeur de chaque individu, de chaque id\u00e9e et de chaque contribution. Nous avons cr\u00e9\u00e9 une culture d&rsquo;entreprise o\u00f9 chacun est encourag\u00e9 \u00e0 s&rsquo;exprimer librement et \u00e0 apporter sa propre touche \u00e0 notre succ\u00e8s collectif.<\/p>\n<p>[\/vc_column_text][\/vc_column_inner][vc_column_inner width=\u00a0\u00bb1\/3&Prime;][vc_column_text]<\/p>\n<h6>Notre \u00e9quipe talentueuse<\/h6>\n<p align=\"justify\">Notre \u00e9quipe est compos\u00e9e de professionnels passionn\u00e9s et talentueux qui se soutiennent mutuellement et travaillent ensemble pour atteindre des objectifs ambitieux. Nous offrons un environnement de travail positif et collaboratif o\u00f9 chacun peut s&rsquo;\u00e9panouir et r\u00e9aliser son potentiel.<\/p>\n<p>[\/vc_column_text][\/vc_column_inner][vc_column_inner width=\u00a0\u00bb1\/3&Prime;][vc_column_text]<\/p>\n<h6>Les possibilit\u00e9s de croissance<\/h6>\n<p align=\"justify\">Nous croyons en l&rsquo;apprentissage continu et en la croissance personnelle et professionnelle. Nous offrons des opportunit\u00e9s de formation et de d\u00e9veloppement professionnel \u00e0 nos employ\u00e9s pour qu&rsquo;ils puissent progresser dans leur carri\u00e8re et atteindre leurs objectifs.<\/p>\n<p>[\/vc_column_text][\/vc_column_inner][\/vc_row_inner][\/vc_column][\/vc_row][vc_row bg_color=\u00a0\u00bb#fafafa\u00a0\u00bb text_align=\u00a0\u00bbcenter\u00a0\u00bb top_padding=\u00a0\u00bb60&Prime; bottom_padding=\u00a0\u00bb60&Prime; bg_position=\u00a0\u00bbleft top\u00a0\u00bb][vc_column width=\u00a0\u00bb1\/1&Prime;]<h2 class=\"headline font-special fontsize-xl fontweight-700 lh-inherit align-center transform-uppercase \" style=\"margin: 0 0 20px 0;\">Impressionn\u00e9? Nous aimerions travailler avec vous !<\/h2><div class=\"headline font-inherit fontsize-l fontweight-inherit lh-inherit align-center transform-inherit \" style=\"margin: 0 0 40px 0; color: #999999;\">N&rsquo;h\u00e9sitez pas \u00e0 nous contacter afin qu&rsquo;on puisse vous conna\u00eetre et collaborer ensemble sur du long terme.<\/div>[vc_column_text]<a href=\"http:\/\/omicrone.fr\/fr\/pages\/contact\/\" target=\"_self\" class=\"button color-2 large \" style=\"border-radius: 2px;\">Contactez-nous<\/a>[\/vc_column_text][\/vc_column][\/vc_row]<\/p>\n","protected":false},"excerpt":{"rendered":"<p>[vc_row bg_image=\u00a0\u00bb15490&Prime; bg_color=\u00a0\u00bb#1c9cc9&Prime; top_padding=\u00a0\u00bb310&Prime; bottom_padding=\u00a0\u00bb120&Prime; bg_position=\u00a0\u00bbcenter center\u00a0\u00bb][vc_column width=\u00a0\u00bb1\/1&Prime;][\/vc_column][\/vc_row][vc_row top_padding=\u00a0\u00bb100&Prime; bottom_padding=\u00a0\u00bb100&Prime;][vc_column width=\u00a0\u00bb2\/3&Prime;][\/vc_column][vc_column column_center=\u00a0\u00bbtrue\u00a0\u00bb text_align=\u00a0\u00bbright\u00a0\u00bb width=\u00a0\u00bb1\/3&Prime;][vc_column_text] [\/vc_column_text][\/vc_column][\/vc_row][vc_row type=\u00a0\u00bbfull_width_section\u00a0\u00bb bg_position=\u00a0\u00bbleft top\u00a0\u00bb][vc_column bg_color=\u00a0\u00bb#222222&Prime; column_padding=\u00a0\u00bbpadding-5&Prime; column_center=\u00a0\u00bbtrue\u00a0\u00bb text_color=\u00a0\u00bblight\u00a0\u00bb width=\u00a0\u00bb1\/3&Prime;][vc_column_text] Notre mission Notre mission consiste \u00e0 offrir \u00e0 nos clients des services de conseil et d\u2019assistance pour les aider \u00e0 concevoir, d\u00e9velopper et lancer de nouveaux produits et services, ainsi qu\u2019\u00e0 am\u00e9liorer leurs syst\u00e8mes d\u2019information afin d\u2019optimiser leur performance commerciale. [\/vc_column_text][\/vc_column][vc_column bg_image=\u00a0\u00bb15492&Prime; column_padding=\u00a0\u00bbpadding-5&Prime; column_center=\u00a0\u00bbtrue\u00a0\u00bb width=\u00a0\u00bb1\/3&Prime;][\/vc_column][vc_column bg_color=\u00a0\u00bb#fafafa\u00a0\u00bb bg_image=\u00a0\u00bb15493&Prime; column_padding=\u00a0\u00bbpadding-5&Prime; column_center=\u00a0\u00bbtrue\u00a0\u00bb width=\u00a0\u00bb1\/3&Prime;][\/vc_column][\/vc_row][vc_row type=\u00a0\u00bbfull_width_section\u00a0\u00bb bg_position=\u00a0\u00bbleft top\u00a0\u00bb][vc_column bg_image=\u00a0\u00bb15494&Prime; column_padding=\u00a0\u00bbpadding-5&Prime; column_center=\u00a0\u00bbtrue\u00a0\u00bb width=\u00a0\u00bb1\/3&Prime;][\/vc_column][vc_column bg_color=\u00a0\u00bb#1c9cc9&Prime; column_padding=\u00a0\u00bbpadding-5&Prime; column_center=\u00a0\u00bbtrue\u00a0\u00bb text_color=\u00a0\u00bblight\u00a0\u00bb width=\u00a0\u00bb1\/3&Prime;][vc_column_text] Notre ambition Nous aspirons \u00e0 devenir un acteur majeur dans le domaine du conseil en mati\u00e8re d\u2019innovation en am\u00e9liorant constamment notre mod\u00e8le pour offrir une valeur ajout\u00e9e accrue et renforcer la relation de confiance avec nos clients. [\/vc_column_text][\/vc_column][vc_column bg_image=\u00a0\u00bb15495&Prime; column_padding=\u00a0\u00bbpadding-5&Prime; column_center=\u00a0\u00bbtrue\u00a0\u00bb width=\u00a0\u00bb1\/3&Prime;][\/vc_column][\/vc_row][vc_row top_padding=\u00a0\u00bb40&Prime; bottom_padding=\u00a0\u00bb40&Prime; bg_position=\u00a0\u00bbleft top\u00a0\u00bb][vc_column width=\u00a0\u00bb1\/4&Prime;][\/vc_column][vc_column width=\u00a0\u00bb1\/4&Prime;][\/vc_column][vc_column width=\u00a0\u00bb1\/4&Prime;][\/vc_column][vc_column width=\u00a0\u00bb1\/4&Prime;][\/vc_column][\/vc_row][vc_row type=\u00a0\u00bbfull_width_section\u00a0\u00bb bg_position=\u00a0\u00bbleft top\u00a0\u00bb][vc_column width=\u00a0\u00bb1\/1&Prime;][\/vc_column][\/vc_row][vc_row top_padding=\u00a0\u00bb60&Prime; bg_position=\u00a0\u00bbleft top\u00a0\u00bb][vc_column width=\u00a0\u00bb1\/1&Prime;][\/vc_column][\/vc_row][vc_row top_padding=\u00a0\u00bb40&Prime; bottom_padding=\u00a0\u00bb120&Prime; bg_position=\u00a0\u00bbcenter center\u00a0\u00bb][vc_column width=\u00a0\u00bb1\/3&Prime;][\/vc_column][vc_column width=\u00a0\u00bb1\/3&Prime;][\/vc_column][\/vc_row][vc_row bg_image=\u00a0\u00bb15501&Prime; bg_color=\u00a0\u00bb#1cbac8&Prime; text_color=\u00a0\u00bblight\u00a0\u00bb top_padding=\u00a0\u00bb60&Prime; bottom_padding=\u00a0\u00bb60&Prime;][vc_column width=\u00a0\u00bb1\/1&Prime;][\/vc_column][\/vc_row][vc_row top_padding=\u00a0\u00bb120&Prime; bottom_padding=\u00a0\u00bb80&Prime; bg_position=\u00a0\u00bbleft top\u00a0\u00bb][vc_column width=\u00a0\u00bb1\/1&Prime;][vc_row_inner][vc_column_inner width=\u00a0\u00bb1\/3&Prime;][vc_column_text] Notre culture d&rsquo;entreprise Nous croyons en la valeur de chaque individu, de chaque id\u00e9e et de chaque contribution. Nous avons cr\u00e9\u00e9 une culture d&rsquo;entreprise o\u00f9 chacun est encourag\u00e9 \u00e0 s&rsquo;exprimer librement et \u00e0 apporter sa propre touche \u00e0 notre [&hellip;]<\/p>\n","protected":false},"author":1,"featured_media":0,"parent":3182,"menu_order":0,"comment_status":"open","ping_status":"closed","template":"","meta":[],"_links":{"self":[{"href":"https:\/\/omicrone.fr\/fr\/wp-json\/wp\/v2\/pages\/9413"}],"collection":[{"href":"https:\/\/omicrone.fr\/fr\/wp-json\/wp\/v2\/pages"}],"about":[{"href":"https:\/\/omicrone.fr\/fr\/wp-json\/wp\/v2\/types\/page"}],"author":[{"embeddable":true,"href":"https:\/\/omicrone.fr\/fr\/wp-json\/wp\/v2\/users\/1"}],"replies":[{"embeddable":true,"href":"https:\/\/omicrone.fr\/fr\/wp-json\/wp\/v2\/comments?post=9413"}],"version-history":[{"count":36,"href":"https:\/\/omicrone.fr\/fr\/wp-json\/wp\/v2\/pages\/9413\/revisions"}],"predecessor-version":[{"id":16037,"href":"https:\/\/omicrone.fr\/fr\/wp-json\/wp\/v2\/pages\/9413\/revisions\/16037"}],"up":[{"embeddable":true,"href":"https:\/\/omicrone.fr\/fr\/wp-json\/wp\/v2\/pages\/3182"}],"wp:attachment":[{"href":"https:\/\/omicrone.fr\/fr\/wp-json\/wp\/v2\/media?parent=9413"}],"curies":[{"name":"wp","href":"https:\/\/api.w.org\/{rel}","templated":true}]}}