{"id":5752,"date":"2014-03-24T11:24:28","date_gmt":"2014-03-24T10:24:28","guid":{"rendered":"http:\/\/localhost:8888\/themes\/ventory\/?page_id=5752"},"modified":"2023-05-23T15:44:13","modified_gmt":"2023-05-23T13:44:13","slug":"omicrone-academie","status":"publish","type":"page","link":"https:\/\/omicrone.fr\/fr\/pages\/omicrone-academie\/","title":{"rendered":"Omicrone Acad\u00e9mie"},"content":{"rendered":"<p>[vc_row bg_image=\u00a0\u00bb15510&Prime; bg_color=\u00a0\u00bb#f9f9f9&Prime; top_padding=\u00a0\u00bb260&Prime; bottom_padding=\u00a0\u00bb170&Prime; bg_position=\u00a0\u00bbcenter center\u00a0\u00bb][vc_column width=\u00a0\u00bb1\/1&Prime;]<h1 class=\"headline font-special fontsize-xxxxxl fontweight-700 lh-inherit align-center transform-uppercase \" style=\"margin: 0 0 -10px 0;\">Omicrone Acad\u00e9mie<\/h1><h2 class=\"headline font-inherit fontsize-xl fontweight-400 lh-inherit align-center transform-inherit \" style=\"margin: 0; color: rgba(255,255,255,0.71);\">Formez-vous pour fa\u00e7onner le futur digital avec nous!<\/h2>[\/vc_column][\/vc_row][vc_row top_padding=\u00a0\u00bb100&Prime; bottom_padding=\u00a0\u00bb60&Prime;][vc_column width=\u00a0\u00bb1\/1&Prime;]<h2 class=\"headline font-special fontsize-xl fontweight-700 lh-inherit align-center transform-uppercase \" style=\"margin: 0 0 40px 0;\">Nos formations<\/h2>[vc_row_inner][vc_column_inner width=\u00a0\u00bb1\/3&Prime;][vc_column_text]Nous vous proposons la formation SAFe avec les derni\u00e8res technologies. Notre solution Hybrid Learning (pr\u00e9sentielles et \u00e0 distance) offre des horaires flexibles pour s\u2019adapter \u00e0 votre emploi du temps et \u00e0 vos obligations personnelles. Nous prenons le confort d&rsquo;apprentissage tr\u00e8s au s\u00e9rieux, afin que nos apprenants se sentent bien form\u00e9s et en s\u00e9curit\u00e9. Quel que soit votre emplacement &#8211; domicile ou bureau &#8211; nous faisons en sorte de rendre accessible la formation SAFe\u00ae en diff\u00e9rents formats dont priv\u00e9s et publics.[\/vc_column_text][\/vc_column_inner][vc_column_inner width=\u00a0\u00bb2\/3&Prime;]<div class=\"progress-title clearfix\">Data<span>60%<\/span><\/div><div class=\"progressbar\" data-perc=\"60\"><div class=\"progress-percentage\" style=\"background: #1c9cc9 !important;\"><\/div><\/div><div class=\"progress-title clearfix\">Cloud<span>35%<\/span><\/div><div class=\"progressbar\" data-perc=\"35\"><div class=\"progress-percentage\" style=\"background: #1c9cc9 !important;\"><\/div><\/div><div class=\"progress-title clearfix\">Risk<span>90%<\/span><\/div><div class=\"progressbar\" data-perc=\"90\"><div class=\"progress-percentage\" style=\"background: #1c9cc9 !important;\"><\/div><\/div><div class=\"progress-title clearfix\">SAFe<span>70%<\/span><\/div><div class=\"progressbar\" data-perc=\"70\"><div class=\"progress-percentage\" style=\"background: #1c9cc9 !important;\"><\/div><\/div>[\/vc_column_inner][\/vc_row_inner][\/vc_column][\/vc_row][vc_row top_padding=\u00a0\u00bb30&Prime; bottom_padding=\u00a0\u00bb60&Prime; bg_position=\u00a0\u00bbleft top\u00a0\u00bb][vc_column width=\u00a0\u00bb1\/1&Prime;]<h2 class=\"headline font-special fontsize-xl fontweight-700 lh-inherit align-center transform-uppercase \" style=\"margin: 0 0 40px 0;\">Notre coeur de m\u00e9tier<\/h2>[vc_row_inner][vc_column_inner width=\u00a0\u00bb1\/3&Prime;]<div class=\"iconbox  wpb_content_element iconbox-style-6 icon-color-greyscale color-dark clearfix\"><img src='https:\/\/omicrone.fr\/fr\/wp-content\/uploads\/2023\/03\/finance.jpg' class='iconimg' alt='Practice finance' \/><h3>Practice finance<\/h3><p>\n<p align=\"justify\">Omicrone accompagne les acteurs des Services Financiers dans leur transformation pour cr\u00e9er de la valeur centr\u00e9e sur l\u2019exp\u00e9rience client.<\/p>\n<\/p><\/div>[\/vc_column_inner][vc_column_inner width=\u00a0\u00bb1\/3&Prime;]<div class=\"iconbox  wpb_content_element iconbox-style-6 icon-color-greyscale color-dark clearfix\"><img src='https:\/\/omicrone.fr\/fr\/wp-content\/uploads\/2023\/03\/IT.jpg' class='iconimg' alt='Practice IT' \/><h3>Practice IT<\/h3><p>\n<p align=\"justify\">Omicrone aide \u00e0 concevoir et am\u00e9liorer les architectures cibles et les processus m\u00e9tier, \u00e0 maintenir la coh\u00e9rence du syst\u00e8me d\u2019information avec les ambitions strat\u00e9giques et \u00e0 g\u00e9rer les ressources pendant la transition.<\/p>\n<\/p><\/div>[\/vc_column_inner][vc_column_inner width=\u00a0\u00bb1\/3&Prime;]<div class=\"iconbox  wpb_content_element iconbox-style-6 icon-color-greyscale color-dark clearfix\"><img src='https:\/\/omicrone.fr\/fr\/wp-content\/uploads\/2023\/03\/agile.jpg' class='iconimg' alt='Practice transformation' \/><h3>Practice transformation<\/h3><p>\n<p align=\"justify\">Omicrone aide \u00e0 la transition Agile des organisations en \u00e9laborant une solution adapt\u00e9e, fond\u00e9e sur les meilleures pratiques du secteur, et en accompagnant le d\u00e9ploiement et le suivi des \u00e9quipes.<\/p>\n<\/p><\/div>[\/vc_column_inner][\/vc_row_inner][\/vc_column][\/vc_row]<\/p>\n","protected":false},"excerpt":{"rendered":"<p>[vc_row bg_image=\u00a0\u00bb15510&Prime; bg_color=\u00a0\u00bb#f9f9f9&Prime; top_padding=\u00a0\u00bb260&Prime; bottom_padding=\u00a0\u00bb170&Prime; bg_position=\u00a0\u00bbcenter center\u00a0\u00bb][vc_column width=\u00a0\u00bb1\/1&Prime;][\/vc_column][\/vc_row][vc_row top_padding=\u00a0\u00bb100&Prime; bottom_padding=\u00a0\u00bb60&Prime;][vc_column width=\u00a0\u00bb1\/1&Prime;][vc_row_inner][vc_column_inner width=\u00a0\u00bb1\/3&Prime;][vc_column_text]Nous vous proposons la formation SAFe avec les derni\u00e8res technologies. Notre solution Hybrid Learning (pr\u00e9sentielles et \u00e0 distance) offre des horaires flexibles pour s\u2019adapter \u00e0 votre emploi du temps et \u00e0 vos obligations personnelles. Nous prenons le confort d&rsquo;apprentissage tr\u00e8s au s\u00e9rieux, afin que nos apprenants se sentent bien form\u00e9s et en s\u00e9curit\u00e9. Quel que soit votre emplacement &#8211; domicile ou bureau &#8211; nous faisons en sorte de rendre accessible la formation SAFe\u00ae en diff\u00e9rents formats dont priv\u00e9s et publics.[\/vc_column_text][\/vc_column_inner][vc_column_inner width=\u00a0\u00bb2\/3&Prime;][\/vc_column_inner][\/vc_row_inner][\/vc_column][\/vc_row][vc_row top_padding=\u00a0\u00bb30&Prime; bottom_padding=\u00a0\u00bb60&Prime; bg_position=\u00a0\u00bbleft top\u00a0\u00bb][vc_column width=\u00a0\u00bb1\/1&Prime;][vc_row_inner][vc_column_inner width=\u00a0\u00bb1\/3&Prime;][\/vc_column_inner][vc_column_inner width=\u00a0\u00bb1\/3&Prime;][\/vc_column_inner][vc_column_inner width=\u00a0\u00bb1\/3&Prime;][\/vc_column_inner][\/vc_row_inner][\/vc_column][\/vc_row]<\/p>\n","protected":false},"author":1,"featured_media":0,"parent":3182,"menu_order":0,"comment_status":"open","ping_status":"closed","template":"","meta":[],"_links":{"self":[{"href":"https:\/\/omicrone.fr\/fr\/wp-json\/wp\/v2\/pages\/5752"}],"collection":[{"href":"https:\/\/omicrone.fr\/fr\/wp-json\/wp\/v2\/pages"}],"about":[{"href":"https:\/\/omicrone.fr\/fr\/wp-json\/wp\/v2\/types\/page"}],"author":[{"embeddable":true,"href":"https:\/\/omicrone.fr\/fr\/wp-json\/wp\/v2\/users\/1"}],"replies":[{"embeddable":true,"href":"https:\/\/omicrone.fr\/fr\/wp-json\/wp\/v2\/comments?post=5752"}],"version-history":[{"count":17,"href":"https:\/\/omicrone.fr\/fr\/wp-json\/wp\/v2\/pages\/5752\/revisions"}],"predecessor-version":[{"id":15783,"href":"https:\/\/omicrone.fr\/fr\/wp-json\/wp\/v2\/pages\/5752\/revisions\/15783"}],"up":[{"embeddable":true,"href":"https:\/\/omicrone.fr\/fr\/wp-json\/wp\/v2\/pages\/3182"}],"wp:attachment":[{"href":"https:\/\/omicrone.fr\/fr\/wp-json\/wp\/v2\/media?parent=5752"}],"curies":[{"name":"wp","href":"https:\/\/api.w.org\/{rel}","templated":true}]}}