{"id":15795,"date":"2023-05-26T10:42:44","date_gmt":"2023-05-26T08:42:44","guid":{"rendered":"http:\/\/omicrone.fr\/fr\/?page_id=15795"},"modified":"2023-05-30T14:45:20","modified_gmt":"2023-05-30T12:45:20","slug":"politique-de-confidentialite-mise-a-jour-24-05-2023publication-et-hebergement-le-site-www-omicrone-fr-est-publie-par-omicronesas-au-capital-de-100-000-euros-dont-le-siege-estau-11-rue-du-renard-la-g","status":"publish","type":"page","link":"https:\/\/omicrone.fr\/fr\/politique-de-confidentialite-mise-a-jour-24-05-2023publication-et-hebergement-le-site-www-omicrone-fr-est-publie-par-omicronesas-au-capital-de-100-000-euros-dont-le-siege-estau-11-rue-du-renard-la-g\/","title":{"rendered":"POLITIQUE DE CONFIDENTIALITE"},"content":{"rendered":"\r\n<p>\u00a0Mise \u00e0 jour 24\/05\/2023<\/p>\r\n<p>PUBLICATION ET H\u00c9BERGEMENT<\/p>\r\n<p>Le site www.omicrone.fr est publi\u00e9 par OMICRONE,SAS au capital de 100.000 Euros, dont le si\u00e8ge estau 11 rue du renard La Garenne Colombes 92250 (France), immatricul\u00e9e au Registre du Commerce et des Soci\u00e9t\u00e9s de Nanterre sous le num\u00e9ro 531 853 562<\/p>\r\n<p>Responsables de la publication : Mahmoud Gourar<\/p>\r\n<p>H\u00e9bergeur : IONOS<\/p>\r\n<p>D\u00c9FINITIONS<\/p>\r\n<p>Mentions L\u00e9gales : d\u00e9signe le pr\u00e9sent document.<\/p>\r\n<p>Site : d\u00e9signe le site Internet accessible \u00e0 l\u2019adresse www.omicrone.fr\u00c9l\u00e9ments : d\u00e9signe les \u00e9l\u00e9ments, notamment d\u2019information, fournis par OMICRONE aux Utilisateurs et accessibles par le biais du Site.<\/p>\r\n<p>Utilisateur : d\u00e9signe toute personne physique ou morale utilisant le Site.<\/p>\r\n<p>OBJET Ce document d\u00e9crit les mentions l\u00e9gales et les conditions d&rsquo;utilisation de ce site. En visitant ce site, vous acceptez de vous conformer \u00e0 ces politiques. Pour acc\u00e9der \u00e0 tout contenu du site, les utilisateurs doivent se conformer aux pr\u00e9sentes mentions l\u00e9gales et conditions. Veuillez lire attentivement ces informations avant de continuer \u00e0 consulter le contenu de ce site Web.<\/p>\r\n<p>ACCEPTATION &amp; MODIFICATION<\/p>\r\n<p>OMICRONE met \u00e0 la disposition des utilisateurs ses El\u00e9ments, sous r\u00e9serve du respect des pr\u00e9sentes CGU.\u00a0<\/p>\r\n<p>OMICRONE conseille aux utilisateurs de se r\u00e9f\u00e9rer r\u00e9guli\u00e8rement \u00e0 la version la plus r\u00e9cente de ces termes. En tout \u00e9tat de cause, l&rsquo;utilisateur est suppos\u00e9 avoir accept\u00e9 les pr\u00e9sentes CGU par la simple consultation de l&rsquo;un quelconque des El\u00e9ments. Toute consultation desdits El\u00e9ments vaut acceptation des pr\u00e9sentes CGU dans leur derni\u00e8re version.<\/p>\r\n<p>Modification<\/p>\r\n<p>OMICRONE se r\u00e9serve le droit de modifier \u00e0 tout moment et sans pr\u00e9avis les Mention L\u00e9gales et tous les \u00e9l\u00e9ments list\u00e9s sur le Site. Nous conseillons aux Utilisateurs de revoir r\u00e9guli\u00e8rement ces Termes et Conditions pour la version la plus r\u00e9cente. Lors des visites ult\u00e9rieures des \u00e9l\u00e9ments du site, il est pr\u00e9sum\u00e9 que les Utilisateurs acceptent cette derni\u00e8re version.<\/p>\r\n<p>DONN\u00c9ES PERSONNELLES<\/p>\r\n<p>OMICRONE respecte votre vie priv\u00e9e. Nous mettons en \u0153uvre des mesures de s\u00e9curit\u00e9 pour pr\u00e9server la confidentialit\u00e9 des donn\u00e9es \u00e0 caract\u00e8re personnel que vous nous fournissez. Conform\u00e9ment \u00e0 la r\u00e8glementation, OMICRONE est soumis au R\u00e8glement G\u00e9n\u00e9ral sur la Protection des Donn\u00e9es 2016\/679 et \u00e0 la Loi Informatique et Libert\u00e9s 1978. Votre visite du Site n&rsquo;implique pas une r\u00e9v\u00e9lation de votre identit\u00e9 ou de toute autre information personnelle concernant l&rsquo;utilisateur.<\/p>\r\n<p>Les informations collect\u00e9es sont utilis\u00e9es \u00e0 des fins suivantes :<br \/>\uf0b7 G\u00e9rer et am\u00e9liorer la relation client.<br \/>\uf0b7 R\u00e9aliser des sondages, des enqu\u00eates ou des statistiques pour \u00e9valuer la qualit\u00e9 des services et anticiper les besoins des clients.<br \/>\uf0b7 Analyser et optimiser les fonctionnalit\u00e9s du site.<br \/>\uf0b7 Envoyer aux utilisateurs des informations sur les nouveaut\u00e9s et les \u00e9v\u00e9nements, tels que des newsletters, des invitations, des questionnaires, des enqu\u00eates et d&rsquo;autres publications.<br \/>Le traitement de ces informations est justifi\u00e9 par les raisons suivantes :<br \/>\uf0b7 L&rsquo;int\u00e9r\u00eat l\u00e9gitime d&rsquo;OMICRONE \u00e0 assurer la satisfaction et le suivi de ses clients.<br \/>\uf0b7 L&rsquo;int\u00e9r\u00eat l\u00e9gitime d&rsquo;OMICRONE \u00e0 \u00e9valuer la qualit\u00e9 de ses services, \u00e0 anticiper les besoins et la satisfaction de ses clients, ainsi qu&rsquo;\u00e0 d\u00e9velopper de nouvelles fonctionnalit\u00e9s en cons\u00e9quence.<br \/>\uf0b7 L&rsquo;int\u00e9r\u00eat l\u00e9gitime d&rsquo;OMICRONE \u00e0 am\u00e9liorer et \u00e0 fournir un service de qualit\u00e9 sup\u00e9rieure avec des fonctionnalit\u00e9s am\u00e9lior\u00e9es.<br \/>\uf0b7 Le consentement pr\u00e9alable de l&rsquo;utilisateur, qui sera obtenu lorsque la loi l&rsquo;exige, en cochant une case sp\u00e9cifique lors de la communication de ses donn\u00e9es personnelles \u00e0 OMICRONE.<\/p>\r\n<p>OMICRONE peut \u00eatre oblig\u00e9e de divulguer des informations sur l&rsquo;utilisateur afin de se conformer \u00e0 la l\u00e9gislation en vigueur ou de r\u00e9pondre \u00e0 des demandes judiciaires ou administratives.<\/p>\r\n\r\n\r\n\r\n<p>Qui en sont les destinataires ?<br \/>Les donn\u00e9es \u00e0 caract\u00e8re personnel trait\u00e9es par OMICRONE seront partag\u00e9es avec un nombre limit\u00e9<br \/>de destinataires, en fonction de la finalit\u00e9 du traitement, comme suit :<br \/>\uf0b7 Nom du destinataire<br \/>\uf0b7 Finalit\u00e9 du partage<br \/>\uf0b7 Toute soci\u00e9t\u00e9 appartenant au m\u00eame groupe que OMICRONE<br \/>\uf0b7 Pour l&rsquo;analyse et le d\u00e9veloppement de produits r\u00e9alis\u00e9s par le groupe OMICRONE.<br \/>Tout fournisseur de services tiers et\/ou toute soci\u00e9t\u00e9 appartenant au m\u00eame groupe que OMICRONE,<br \/>intervenant pour OMICRONE dans la fourniture des services demand\u00e9s par vous ou demand\u00e9s par OMICRONE, aux fins \u00e9num\u00e9r\u00e9es ci-dessus.<br \/>Pour mener des campagnes marketing, r\u00e9aliser des enqu\u00eates de satisfaction et proposer des offres commerciales adapt\u00e9es aux besoins des clients.<br \/>Tout partenaire commercial de OMICRONE li\u00e9 par une obligation de confidentialit\u00e9.<br \/>Pour toute utilisation de donn\u00e9es anonymis\u00e9es \u00e0 des fins statistiques.<\/p>\r\n\r\n\r\n\r\n<p>Les donn\u00e9es \u00e0 caract\u00e8re personnel de l&rsquo;utilisateur peuvent-elles \u00eatre transf\u00e9r\u00e9es en dehors de l&rsquo;Union europ\u00e9enne (UE) ?<br \/>OMICRONE peut \u00eatre amen\u00e9e \u00e0 transf\u00e9rer les donn\u00e9es \u00e0 caract\u00e8re personnel de l&rsquo;utilisateur \u00e0 des destinataires situ\u00e9s dans des pays en dehors de l&rsquo;Espace \u00e9conomique europ\u00e9en (EEE). Les conditions de transfert sont prot\u00e9g\u00e9es conform\u00e9ment \u00e0 la r\u00e9glementation en vigueur en mati\u00e8re de protection des donn\u00e9es \u00e0 caract\u00e8re personnel.<\/p>\r\n\r\n\r\n\r\n<p>Quelle est la dur\u00e9e de conservation des donn\u00e9es \u00e0 caract\u00e8re personnel de l\u2019Utilisateur ?<br \/>La dur\u00e9e de conservation des donn\u00e9es \u00e0 caract\u00e8re personnel collect\u00e9es par OMICRONE est d\u00e9termin\u00e9e en fonction de la finalit\u00e9 du traitement des donn\u00e9es, selon les crit\u00e8res suivants :<br \/>Les donn\u00e9es stock\u00e9es \u00e0 des fins sp\u00e9cifiques sont conserv\u00e9es aussi longtemps que n\u00e9cessaire pour r\u00e9pondre aux besoins du traitement des donn\u00e9es \u00e0 caract\u00e8re personnel, tel que d\u00e9fini \u00e0 l&rsquo;article 1 ci-dessus (pour la dur\u00e9e du contrat conclu avec vous, conform\u00e9ment \u00e0 la l\u00e9gislation en vigueur, et aussi longtemps que nous entretenons une relation commerciale avec vous).<br \/>Vos donn\u00e9es \u00e0 caract\u00e8re personnel sont ensuite archiv\u00e9es afin d&rsquo;\u00eatre utilis\u00e9es en cas de litige ou de contestation pendant la p\u00e9riode de prescription applicable \u00e0 l&rsquo;objet du litige. Ensuite, les donn\u00e9es sont anonymis\u00e9es ou supprim\u00e9es.<\/p>\r\n\r\n\r\n\r\n<p>Comment utilisons-nous les cookies ?<br \/>Les \u00ab\u00a0cookies\u00a0\u00bb sont de petits fichiers texte envoy\u00e9s \u00e0 votre appareil et stock\u00e9s sur son disque dur, permettant \u00e0 notre site Web de vous reconna\u00eetre lorsque vous le visitez.<br \/>Lorsque vous visitez notre site Web, OMICRONE peut utiliser des cookies, des balises pixels et d&rsquo;autres technologies, sous r\u00e9serve de votre consentement, pour collecter les donn\u00e9es suivantes :<br \/>Adresse IP, informations de connexion, type de navigateur, emplacement, fuseau horaire, syst\u00e8me d&rsquo;exploitation et autres informations techniques.<br \/>Informations concernant votre visite, y compris les sites Internet que vous avez visit\u00e9s avant et apr\u00e8s notre site Web, ainsi que les produits que vous avez consult\u00e9s.<br \/>Dur\u00e9e de vos visites sur les pages de notre site Web et informations relatives \u00e0 l&rsquo;interaction entre les pages. Ces cookies nous aident \u00e0 am\u00e9liorer votre exp\u00e9rience sur notre site Web, \u00e0 personnaliser le contenu et \u00e0 analyser le trafic du site. Ils nous permettent \u00e9galement de mesurer l&rsquo;efficacit\u00e9 de nos campagnes marketing.<br \/>En utilisant notre site Web, vous consentez \u00e0 l&rsquo;utilisation des cookies conform\u00e9ment \u00e0 notre politique de confidentialit\u00e9. Vous avez la possibilit\u00e9 de modifier vos pr\u00e9f\u00e9rences de cookies dans les<br \/>param\u00e8tres de votre navigateur.<br \/>Veuillez noter que le refus des cookies peut affecter certaines fonctionnalit\u00e9s du site et limiter votre exp\u00e9rience utilisateur.<\/p>\r\n\r\n\r\n\r\n<p>Quels sont les droits de l\u2019Utilisateur et comment peut-il les exercer ?<br \/>Conform\u00e9ment \u00e0 la r\u00e9glementation en vigueur en mati\u00e8re de protection des donn\u00e9es \u00e0 caract\u00e8re personnel, l&rsquo;Utilisateur dispose des droits suivants :<br \/>Droit d&rsquo;acc\u00e8s : L&rsquo;Utilisateur a le droit d&rsquo;obtenir des informations sur le traitement de ses donn\u00e9es \u00e0 caract\u00e8re personnel et d&rsquo;acc\u00e9der \u00e0 ces donn\u00e9es.<\/p>\r\n\r\n\r\n\r\n<p>Droit de rectification : L&rsquo;Utilisateur a le droit de demander la correction ou la mise \u00e0 jour de ses donn\u00e9es \u00e0 caract\u00e8re personnel inexactes ou incompl\u00e8tes.<br \/>Droit \u00e0 l&rsquo;effacement : L&rsquo;Utilisateur a le droit de demander la suppression de ses donn\u00e9es \u00e0 caract\u00e8re personnel, sous r\u00e9serve des exceptions pr\u00e9vues par la loi.<br \/>Droit \u00e0 la limitation du traitement : L&rsquo;Utilisateur a le droit de demander la limitation du traitement de ses donn\u00e9es \u00e0 caract\u00e8re personnel dans certaines circonstances d\u00e9finies par la loi.<br \/>Droit \u00e0 la portabilit\u00e9 des donn\u00e9es : L&rsquo;Utilisateur a le droit de recevoir ses donn\u00e9es \u00e0 caract\u00e8re personnel dans un format structur\u00e9, couramment utilis\u00e9 et lisible par machine, et de les transmettre<br \/>\u00e0 un autre responsable du traitement, lorsque cela est techniquement possible.<\/p>\r\n<p><br \/>Droit d&rsquo;opposition : L&rsquo;Utilisateur a le droit de s&rsquo;opposer au traitement de ses donn\u00e9es \u00e0 caract\u00e8re personnel lorsque celles-ci sont utilis\u00e9es \u00e0 des fins de marketing direct.<br \/>Droit de d\u00e9finir des directives relatives au sort des donn\u00e9es apr\u00e8s le d\u00e9c\u00e8s : L&rsquo;Utilisateur a le droit de d\u00e9finir des directives sp\u00e9cifiques concernant la conservation, l&rsquo;effacement et la communication de ses donn\u00e9es \u00e0 caract\u00e8re personnel apr\u00e8s son d\u00e9c\u00e8s.<br \/>L&rsquo;Utilisateur peut exercer ces droits en adressant une demande \u00e0 OMICRONE &#8211; , 11 rue du renard La Garenne Colombes 92250 (France), ou par courrier \u00e9lectronique \u00e0 l&rsquo;adresse<br \/>suivante : privacy@omicrone.fr<br \/>L&rsquo;Utilisateur a \u00e9galement le droit de d\u00e9poser une plainte aupr\u00e8s de l&rsquo;autorit\u00e9 nationale de protection des donn\u00e9es, la Commission Nationale de l&rsquo;Informatique et des Libert\u00e9s (CNIL), en envoyant sa demande \u00e0 l&rsquo;adresse suivante : 3 Place de Fontenoy &#8211; TSA 80715 &#8211; 75334 PARIS CEDEX 07, ou en visitant le site web www.cnil.fr.<\/p>\r\n\r\n\r\n\r\n<p>COOKIES<br \/>Le Site utilise un syst\u00e8me de cookies. Ainsi l\u2019Utilisateur est inform\u00e9 que lorsqu\u2019il visite le Site, des cookies peuvent \u00eatre install\u00e9s automatiquement sur son navigateur Internet.<br \/>Les cookies sont des fichiers envoy\u00e9s sur le disque dur des utilisateurs pour faciliter leur navigation sur le site et pour \u00e9tablir des statistiques de fr\u00e9quentation.<br \/>Ces cookies ne contiennent pas du tout d\u2019informations nominatives.<br \/>L\u2019Utilisateur peut d\u00e9sactiver l\u2019envoi de cookies en modifiant les param\u00e8tres de son navigateur Internet.<\/p>\r\n<p>ACCES AUX \u00c9L\u00c9MENTS<br \/>Les \u00c9l\u00e9ments du Site sont accessibles par le r\u00e9seau Internet.<br \/>Tous les frais li\u00e9s \u00e0 l&rsquo;acc\u00e8s aux \u00c9l\u00e9ments qu&rsquo;il s&rsquo;agisse des co\u00fbts mat\u00e9riels, logiciels ou acc\u00e8s \u00e0 Internet, sont \u00e0 la charge de l&rsquo;Utilisateur. L&rsquo;Utilisateur est seul responsable du bon fonctionnement<br \/>de son mat\u00e9riel informatique ainsi que de son acc\u00e8s \u00e0 Internet. L&rsquo;Utilisateur d\u00e9clare accepter les caract\u00e9ristiques et les limites d&rsquo;Internet et reconna\u00eet avoir connaissance de la nature du r\u00e9seau<br \/>Internet et, en particulier, de ses performances techniques, des temps de r\u00e9ponse pour consulter, interroger ou transf\u00e9rer des informations, des risques de coupure et plus g\u00e9n\u00e9ralement les risques<\/p>\r\n\r\n\r\n\r\n<p>li\u00e9s \u00e0 toute connexion et transmission sur Internet. OMICRONE utilise tous les moyens raisonnables \u00e0 sa disposition pour assurer un acc\u00e8s de qualit\u00e9 aux \u00c9l\u00e9ments, \u00e9tant pr\u00e9cis\u00e9 que OMICRONE n&rsquo;a aucune obligation de r\u00e9sultat pour y arriver.<\/p>\r\n\r\n\r\n\r\n<p>UTILISATION DU SITE PAR L\u2019UTILISATEUR<br \/>L\u2019Utilisateur s\u2019engage de respecter les pr\u00e9sentes Mentions L\u00e9gales et prot\u00e8ge OMICRONE contre toute utilisation ill\u00e9gale, non conforme et\/ou non autoris\u00e9e des El\u00e9ments.<br \/>L\u2019utilisation personnelle des El\u00e9ments ne permet pas de les exploiter \u00e0 d\u2019autres fins. L\u2019Utilisateur s\u2019interdit notamment toute exploitation commerciale ou \u00e0 but lucratif de tout ou partie des<br \/>El\u00e9ments.<br \/>L\u2019Utilisateur s\u2019engage d\u2019utiliser le Site conform\u00e9ment aux r\u00e8glementations nationales et internationales, et en particulier de ne pas l\u2019utiliser pour afficher, t\u00e9l\u00e9charger, envoyer, transmettre<br \/>tout contenu :<br \/>\u2013 violent ou qui porte atteinte au respect et \u00e0 la dignit\u00e9 de la personne humaine, \u00e0 l\u2019\u00e9galit\u00e9 entre les hommes et les femmes, \u00e0 la protection des enfants et des adolescents, notamment par la fabrication,<br \/>le transport et la diffusion de messages violents ou pornographiques ou qui nuisent \u00e0 la dignit\u00e9 humaine ;<br \/>\u2013 qui encourage \u00e0 commettre des crimes et d\u00e9lits ;<br \/>\u2013 qui incite \u00e0 consommer des substances interdites ;<br \/>\u2013 qui provoque ou peut provoquer la discrimination, la haine, la violence en raison de la race, de l\u2019ethnie ou de la nation ;<br \/>\u2013 qui est ill\u00e9gal, nuisible, mena\u00e7ant, abusif, constitutif de harc\u00e8lement, diffamatoire, injurieux, vulgaire, obsc\u00e8ne, mena\u00e7ant pour la vie priv\u00e9e d\u2019autrui ou qui choque la sensibilit\u00e9 de certaines<br \/>personnes ;<br \/>\u2013 qui trompe d\u2019autres Utilisateurs en se faisant passer pour le nom ou la d\u00e9nomination sociale d\u2019autres personnes ;<br \/>\u2013 qui porte atteinte aux droits de tiers comme, sans que cette liste ne soit exhaustive, \u00e0 tout secret de fabrication, secret professionnel, information confidentielle, marque, brevet et d\u2019une mani\u00e8re<br \/>g\u00e9n\u00e9rale tout droit de propri\u00e9t\u00e9 industrielle ou intellectuelle ou tout autre droit portant sur une information ou un contenu prot\u00e9g\u00e9 ;<br \/>\u2013 comprenant, sans que cette liste ne soit exhaustive, des virus informatiques ou tout autre code ou programme, con\u00e7us pour interrompre, d\u00e9truire ou limiter la fonctionnalit\u00e9 de tout logiciel,<br \/>ordinateur ou outil de t\u00e9l\u00e9communication.<br \/>L\u2019Utilisateur s\u2019engage \u00e0 :<br \/>\u2013 consulter r\u00e9guli\u00e8rement les Mentions L\u00e9gales et les respecter,<br \/>\u2013 ne pas collecter ni stocker des donn\u00e9es personnelles relatives aux autres Utilisateurs,<br \/>\u2013 ne pas harceler de quelque mani\u00e8re que ce soit, un ou plusieurs autres Utilisateurs,<br \/>\u2013 ne pas g\u00eaner ni perturber le fonctionnement du Site.<\/p>\r\n\r\n\r\n\r\n<p>RESTRICTION D\u2019ACC\u00c8S<br \/>Si l\u2019Utilisateur ne respecte pas les pr\u00e9sentes Mentions L\u00e9gales, l\u2019acc\u00e8s au Site sera automatiquement coup\u00e9, sans pr\u00e9judice de toute action en justice qui pourrait \u00eatre engag\u00e9e par OMICRONE et de tous dommages et int\u00e9r\u00eats qui pourraient \u00eatre demand\u00e9s \u00e0 l\u2019Utilisateur.<\/p>\r\n<p>LIENS HYPERTEXTES<br \/>Tous sites li\u00e9s au Site (un lien hypertexte renvoyant au pr\u00e9sent Site ou partant de celui-ci), ne sont pas sous l\u2019autorit\u00e9 d\u2019OMICRONE.<br \/>OMICRONE n\u2019est donc pas responsable de la disponibilit\u00e9 de ces sites, de leur contenu, publicit\u00e9s, produits ou services accessibles sur ou \u00e0 partir de ces sites.<br \/>L\u2019Utilisateur est le seul responsable de leur utilisation.<\/p>\r\n<p>DROITS DE PROPRI\u00c9T\u00c9 INTELLECTUELLE<br \/>L\u2019Utilisateur du Site doit savoir que les \u00c9l\u00e9ments :<br \/>a) sont couverts par la l\u00e9gislation sur le droit d\u2019auteur : il peut s\u2019agir par exemple des photos, des articles, des dessins, des animations, \u2026<br \/>b) et\/ou sont couverts par la l\u00e9gislation sur les dessins et mod\u00e8les :<br \/>c) sont couverts par la l\u00e9gislation sur les marques : il s\u2019agit notamment de la marque \u00ab Omicrone \u00bb ,<br \/>\u00abVISEZ L\u2019EXCELLENCE\u00bb (repr\u00e9sentant le logo de OMICRONE) et des marques partenaires qui apparaissent sur le site (Scaled Agile, etc.).<br \/>Les \u00c9l\u00e9ments ainsi prot\u00e9g\u00e9s appartiennent \u00e0 OMICRONE ou \u00e0 des tiers qui ont donn\u00e9 \u00e0 OMICRONE le droit de les utiliser.<\/p>\r\n\r\n\r\n\r\n<p>Par cons\u00e9quent, il est interdit de reproduire, utiliser, montrer, adapter, modifier, int\u00e9grer, traduire, vendre, en tout ou en partie, par quelque moyen et sur quelque support que ce soit (papier,<br \/>num\u00e9rique, \u2026), l\u2019un quelconque des El\u00e9ments sans l\u2019autorisation \u00e9crite pr\u00e9alable d\u2019OMICRONE sauf les exceptions mentionn\u00e9es \u00e0 l\u2019article L 122.5 du Code de la Propri\u00e9t\u00e9 Intellectuelle, sous peine de commettre un d\u00e9lit de contrefa\u00e7on de droit d\u2019auteur et\/ou de dessins et mod\u00e8les et\/ou de marque, puni par les sanctions p\u00e9nales et civiles pr\u00e9vues par la l\u00e9gislation en vigueur dans ce domaine.<\/p>\r\n<p>GARANTIES<br \/>L\u2019Utilisateur assure OMICRONE contre toute action ou r\u00e9clamation de la part d\u2019un tiers, qui d\u00e9coulerait de l\u2019utilisation du Site par l\u2019Utilisateur dans des conditions qui ne seraient pas conformes<br \/>aux pr\u00e9sentes Mentions L\u00e9gales. Cette assurance couvre toute somme que OMICRONE aurait \u00e0 payer pour quelque motif que ce soit, y compris les frais d\u2019avocat et les frais de justice reconnus ou<br \/>d\u00e9cid\u00e9s.<br \/>L\u2019Utilisation du Site ne donne lieu \u00e0 aucune garantie de quelque nature que ce soit. OMICRONE ne fournit aucune garantie, formelle ou tacite, sur l\u2019utilisation du Site par l\u2019Utilisateur et notamment sur la disponibilit\u00e9, l\u2019opportunit\u00e9, la modernit\u00e9, la s\u00fbret\u00e9 et l\u2019int\u00e9r\u00eat du Site et des \u00c9l\u00e9ments.<\/p>\r\n\r\n\r\n\r\n<p>De m\u00eame OMICRONE ne garantit pas que les \u00c9l\u00e9ments r\u00e9pondent aux attentes de l\u2019Utilisateur.<\/p>\r\n<p>RESPONSABILIT\u00c9 DE L\u2019UTILISATEUR<br \/>L&rsquo;Utilisateur est enti\u00e8rement responsable de l&rsquo;utilisation qu&rsquo;il fait du Site et de ses \u00e9l\u00e9ments. Il est \u00e9galement responsable de tout dommage pouvant \u00eatre caus\u00e9 \u00e0 OMICRONE en raison d&rsquo;une<br \/>utilisation du Site et de ses \u00e9l\u00e9ments qui ne respecte pas les lois, r\u00e8glements et dispositions en vigueur.<\/p>\r\n<p>RESPONSABILIT\u00c9 DE OMICRONE<br \/>OMICRONE n\u2019est pas responsable de quoi que ce soit, et cette liste n\u2019est pas exhaustive, en cas de changement, suspension ou arr\u00eat du Site et\/ou de l\u2019acc\u00e8s aux \u00c9l\u00e9ments.<br \/>OMICRONE n\u2019est pas responsable de la qualit\u00e9 de la transmission des donn\u00e9es, des d\u00e9lais d\u2019acc\u00e8s, des restrictions d\u2019acc\u00e8s possibles sur le r\u00e9seau Internet ou les r\u00e9seaux qui y sont reli\u00e9s. OMICRONE n\u2019est pas responsable en cas de coupure des r\u00e9seaux d\u2019acc\u00e8s aux \u00c9l\u00e9ments, d\u2019indisponibilit\u00e9 totale ou partielle des \u00c9l\u00e9ments due notamment \u00e0 l\u2019op\u00e9rateur de t\u00e9l\u00e9communications, en cas d\u2019erreur de transmission ou de probl\u00e8me li\u00e9 \u00e0 la s\u00e9curit\u00e9 des transmissions, en cas de panne du mat\u00e9riel de r\u00e9ception ou de ligne t\u00e9l\u00e9phonique de l\u2019Utilisateur.<br \/>OMICRONE peut \u00eatre oblig\u00e9e d\u2019interrompre l\u2019acc\u00e8s aux \u00c9l\u00e9ments pour des raisons de maintenance.<br \/>Cette interruption sera signal\u00e9e par un message sur la page d\u2019accueil du Site ou par tout autre moyen. Cette interruption n\u2019engage pas la responsabilit\u00e9 de OMICRONE et ne donne droit \u00e0 aucune<br \/>indemnit\u00e9.<br \/>OMICRONE n\u2019est jamais responsable des dommages directs ou indirects, tels que, notamment, dommage mat\u00e9riel, commercial, moral et financier, y compris toute perte de profit, perte de donn\u00e9e<br \/>ou de programme, caus\u00e9s par, provenant de ou fond\u00e9s sur l\u2019utilisation du Site et\/ou des \u00c9l\u00e9ments.<\/p>\r\n<p>INFORMATIONS RELATIVES AUX PRODUITS &amp; SERVICES<br \/>Les \u00c9l\u00e9ments pr\u00e9sent\u00e9s sur les pages du Site correspondent aux caract\u00e9ristiques techniques en vigueur au moment de leur publication ou de leur actualisation sur les diff\u00e9rentes pages du site.<br \/>Quoi qu\u2019il en soit, les \u00c9l\u00e9ments fournis sur ce Site sont des informations \u00e0 port\u00e9e g\u00e9n\u00e9rale et ne sont pas engageants.<\/p>\r\n<p>MISE \u00c0 JOUR<br \/>OMICRONE peut changer et actualiser, \u00e0 tout moment et sans avertissement, les pr\u00e9sentes MENTIONS L\u00c9GALES et tout ce qui est affich\u00e9, propos\u00e9 ou fourni sur le Site.<br \/>Les Utilisateurs doivent se r\u00e9f\u00e9rer aux pr\u00e9sentes MENTIONS L\u00c9GALES \u00e0 chaque fois qu\u2019ils se connectent, car ces changements leur sont opposables.<\/p>\r\n\r\n\r\n\r\n<p>DIVERS<\/p>\r\n\r\n\r\n\r\n<p>L\u2019invalidit\u00e9 d\u2019une clause n\u2019affecte pas les autres clauses, qui restent en vigueur comme si la clause invalide n\u2019avait jamais exist\u00e9. Le fait qu\u2019OMICRONE ne fasse pas valoir l\u2019un de ses droits issus des pr\u00e9sentes MENTIONS L\u00c9GALES ne signifie pas qu\u2019il y renonce.<\/p>\r\n<p>DROIT APPLICABLE<br \/>Le droit fran\u00e7ais s\u2019applique au Site www.omicrone.fr et aux pr\u00e9sentes Mentions L\u00e9gales.<br \/>En cas de d\u00e9saccord sur le sens et\/ou l\u2019application de ces Mentions L\u00e9gales, les parties devront essayer de trouver une solution \u00e0 l\u2019amiable.<br \/>Si aucune solution n\u2019est trouv\u00e9e, le litige sera port\u00e9 devant les tribunaux de Nanterre comp\u00e9tents.<\/p>\r\n","protected":false},"excerpt":{"rendered":"<p>\u00a0Mise \u00e0 jour 24\/05\/2023 PUBLICATION ET H\u00c9BERGEMENT Le site www.omicrone.fr est publi\u00e9 par OMICRONE,SAS au capital de 100.000 Euros, dont le si\u00e8ge estau 11 rue du renard La Garenne Colombes 92250 (France), immatricul\u00e9e au Registre du Commerce et des Soci\u00e9t\u00e9s de Nanterre sous le num\u00e9ro 531 853 562 Responsables de la publication : Mahmoud Gourar H\u00e9bergeur : IONOS D\u00c9FINITIONS Mentions L\u00e9gales : d\u00e9signe le pr\u00e9sent document. Site : d\u00e9signe le site Internet accessible \u00e0 l\u2019adresse www.omicrone.fr\u00c9l\u00e9ments : d\u00e9signe les \u00e9l\u00e9ments, notamment d\u2019information, fournis par OMICRONE aux Utilisateurs et accessibles par le biais du Site. Utilisateur : d\u00e9signe toute personne physique ou morale utilisant le Site. OBJET Ce document d\u00e9crit les mentions l\u00e9gales et les conditions d&rsquo;utilisation de ce site. En visitant ce site, vous acceptez de vous conformer \u00e0 ces politiques. Pour acc\u00e9der \u00e0 tout contenu du site, les utilisateurs doivent se conformer aux pr\u00e9sentes mentions l\u00e9gales et conditions. Veuillez lire attentivement ces informations avant de continuer \u00e0 consulter le contenu de ce site Web. ACCEPTATION &amp; MODIFICATION OMICRONE met \u00e0 la disposition des utilisateurs ses El\u00e9ments, sous r\u00e9serve du respect des pr\u00e9sentes CGU.\u00a0 OMICRONE conseille aux utilisateurs de se r\u00e9f\u00e9rer r\u00e9guli\u00e8rement \u00e0 la version la plus r\u00e9cente de ces [&hellip;]<\/p>\n","protected":false},"author":2,"featured_media":0,"parent":0,"menu_order":0,"comment_status":"closed","ping_status":"closed","template":"","meta":[],"_links":{"self":[{"href":"https:\/\/omicrone.fr\/fr\/wp-json\/wp\/v2\/pages\/15795"}],"collection":[{"href":"https:\/\/omicrone.fr\/fr\/wp-json\/wp\/v2\/pages"}],"about":[{"href":"https:\/\/omicrone.fr\/fr\/wp-json\/wp\/v2\/types\/page"}],"author":[{"embeddable":true,"href":"https:\/\/omicrone.fr\/fr\/wp-json\/wp\/v2\/users\/2"}],"replies":[{"embeddable":true,"href":"https:\/\/omicrone.fr\/fr\/wp-json\/wp\/v2\/comments?post=15795"}],"version-history":[{"count":2,"href":"https:\/\/omicrone.fr\/fr\/wp-json\/wp\/v2\/pages\/15795\/revisions"}],"predecessor-version":[{"id":15799,"href":"https:\/\/omicrone.fr\/fr\/wp-json\/wp\/v2\/pages\/15795\/revisions\/15799"}],"wp:attachment":[{"href":"https:\/\/omicrone.fr\/fr\/wp-json\/wp\/v2\/media?parent=15795"}],"curies":[{"name":"wp","href":"https:\/\/api.w.org\/{rel}","templated":true}]}}