{"id":15690,"date":"2023-03-23T17:49:04","date_gmt":"2023-03-23T16:49:04","guid":{"rendered":"http:\/\/omicrone.fr\/fr\/?page_id=15690"},"modified":"2023-03-23T17:49:04","modified_gmt":"2023-03-23T16:49:04","slug":"architecture","status":"publish","type":"page","link":"https:\/\/omicrone.fr\/fr\/pages\/architecture\/","title":{"rendered":"Architecture"},"content":{"rendered":"<p>[vc_row][vc_column width=\u00a0\u00bb1\/1&Prime;]<div class=\"spacer\" style=\"height: 20px;\"><\/div><h2 class=\"headline font-special fontsize-l fontweight-700 lh-inherit align-left transform-uppercase \" style=\"margin: 20px 0 20px 0;\">Architecture<\/h2>[vc_column_text]<\/p>\n<p align=\"justify\">L\u2019Agilisation du SI se situe \u00e0 l\u2019intersection du d\u00e9veloppement et de l\u2019infrastructure, vers des syst\u00e8mes plus modulaires, pouvant \u00eatre d\u00e9ploy\u00e9s plus rapidement.<br \/>\nUne comp\u00e9tence pointue des technologies Cloud afin de servir au mieux nos clients, de la d\u00e9finition d\u2019une strat\u00e9gie Cloud \u00e0 la mise en \u0153uvre op\u00e9rationnelle.<br \/>\nAnimation de s\u00e9minaires et d\u2019acculturation \u00e0 la technologie, de formations sur mesures, ou la cr\u00e9ation de labs technologiques.<\/p>\n<p>[\/vc_column_text]<div class=\"spacer\" style=\"height: 20px;\"><\/div>[\/vc_column][\/vc_row]<\/p>\n","protected":false},"excerpt":{"rendered":"<p>[vc_row][vc_column width=\u00a0\u00bb1\/1&Prime;][vc_column_text] L\u2019Agilisation du SI se situe \u00e0 l\u2019intersection du d\u00e9veloppement et de l\u2019infrastructure, vers des syst\u00e8mes plus modulaires, pouvant \u00eatre d\u00e9ploy\u00e9s plus rapidement. Une comp\u00e9tence pointue des technologies Cloud afin de servir au mieux nos clients, de la d\u00e9finition d\u2019une strat\u00e9gie Cloud \u00e0 la mise en \u0153uvre op\u00e9rationnelle. Animation de s\u00e9minaires et d\u2019acculturation \u00e0 la technologie, de formations sur mesures, ou la cr\u00e9ation de labs technologiques. [\/vc_column_text][\/vc_column][\/vc_row]<\/p>\n","protected":false},"author":1,"featured_media":0,"parent":3182,"menu_order":0,"comment_status":"open","ping_status":"open","template":"","meta":[],"_links":{"self":[{"href":"https:\/\/omicrone.fr\/fr\/wp-json\/wp\/v2\/pages\/15690"}],"collection":[{"href":"https:\/\/omicrone.fr\/fr\/wp-json\/wp\/v2\/pages"}],"about":[{"href":"https:\/\/omicrone.fr\/fr\/wp-json\/wp\/v2\/types\/page"}],"author":[{"embeddable":true,"href":"https:\/\/omicrone.fr\/fr\/wp-json\/wp\/v2\/users\/1"}],"replies":[{"embeddable":true,"href":"https:\/\/omicrone.fr\/fr\/wp-json\/wp\/v2\/comments?post=15690"}],"version-history":[{"count":1,"href":"https:\/\/omicrone.fr\/fr\/wp-json\/wp\/v2\/pages\/15690\/revisions"}],"predecessor-version":[{"id":15692,"href":"https:\/\/omicrone.fr\/fr\/wp-json\/wp\/v2\/pages\/15690\/revisions\/15692"}],"up":[{"embeddable":true,"href":"https:\/\/omicrone.fr\/fr\/wp-json\/wp\/v2\/pages\/3182"}],"wp:attachment":[{"href":"https:\/\/omicrone.fr\/fr\/wp-json\/wp\/v2\/media?parent=15690"}],"curies":[{"name":"wp","href":"https:\/\/api.w.org\/{rel}","templated":true}]}}