{"id":15687,"date":"2023-03-23T17:43:02","date_gmt":"2023-03-23T16:43:02","guid":{"rendered":"http:\/\/omicrone.fr\/fr\/?page_id=15687"},"modified":"2023-03-23T17:43:10","modified_gmt":"2023-03-23T16:43:10","slug":"strategie-it","status":"publish","type":"page","link":"https:\/\/omicrone.fr\/fr\/pages\/strategie-it\/","title":{"rendered":"Strat\u00e9gie IT"},"content":{"rendered":"<p>[vc_row][vc_column width=\u00a0\u00bb1\/1&Prime;]<div class=\"spacer\" style=\"height: 20px;\"><\/div><h2 class=\"headline font-special fontsize-l fontweight-700 lh-inherit align-left transform-uppercase \" style=\"margin: 20px 0 20px 0;\">Strat\u00e9gie IT<\/h2>[vc_column_text]<\/p>\n<p align=\"justify\">En tenant compte des \u00e9quilibres d\u00e9licats existants au sein des organisations et des cultures, nous aidons les grandes entreprises \u00e0 mener \u00e0 bien leurs transformations complexes. \u00c0 l\u2019intersection de la technologie et des m\u00e9tiers, point de d\u00e9part de tous les services onepoint, la communaut\u00e9 Tech Advantage vous aide \u00e0 profiter de la Technologie pour r\u00e9ussir vos transformations complexes. Et \u00eatre pleinement acteur au sein des nouveaux mondes qui \u00e9mergent.<br \/>\nTransformations combin\u00e9es Technologie et Business, nouveaux Produits et services, nouveaux Mod\u00e8les \u00e9conomiques et op\u00e9rationnels.<br \/>\nTransformations des SI et des DSI, de l\u2019architecture et de l\u2019organisation, y compris selon des approches disruptives d\u2019accompagnement \u00ab de l\u2019int\u00e9rieur \u00bb.<br \/>\nTransformations des entreprises et secteurs qui se r\u00e9inventent \u00e0 la lumi\u00e8re des grands risques (cybers\u00e9curit\u00e9, conformit\u00e9) jusqu\u2019\u00e0 en mode \u00ab s\u00e9curis\u00e9 par conception \u00bb.<\/p>\n<p>[\/vc_column_text]<div class=\"spacer\" style=\"height: 20px;\"><\/div>[\/vc_column][\/vc_row]<\/p>\n","protected":false},"excerpt":{"rendered":"<p>[vc_row][vc_column width=\u00a0\u00bb1\/1&Prime;][vc_column_text] En tenant compte des \u00e9quilibres d\u00e9licats existants au sein des organisations et des cultures, nous aidons les grandes entreprises \u00e0 mener \u00e0 bien leurs transformations complexes. \u00c0 l\u2019intersection de la technologie et des m\u00e9tiers, point de d\u00e9part de tous les services onepoint, la communaut\u00e9 Tech Advantage vous aide \u00e0 profiter de la Technologie pour r\u00e9ussir vos transformations complexes. Et \u00eatre pleinement acteur au sein des nouveaux mondes qui \u00e9mergent. Transformations combin\u00e9es Technologie et Business, nouveaux Produits et services, nouveaux Mod\u00e8les \u00e9conomiques et op\u00e9rationnels. Transformations des SI et des DSI, de l\u2019architecture et de l\u2019organisation, y compris selon des approches disruptives d\u2019accompagnement \u00ab de l\u2019int\u00e9rieur \u00bb. Transformations des entreprises et secteurs qui se r\u00e9inventent \u00e0 la lumi\u00e8re des grands risques (cybers\u00e9curit\u00e9, conformit\u00e9) jusqu\u2019\u00e0 en mode \u00ab s\u00e9curis\u00e9 par conception \u00bb. [\/vc_column_text][\/vc_column][\/vc_row]<\/p>\n","protected":false},"author":1,"featured_media":0,"parent":3182,"menu_order":0,"comment_status":"open","ping_status":"open","template":"","meta":[],"_links":{"self":[{"href":"https:\/\/omicrone.fr\/fr\/wp-json\/wp\/v2\/pages\/15687"}],"collection":[{"href":"https:\/\/omicrone.fr\/fr\/wp-json\/wp\/v2\/pages"}],"about":[{"href":"https:\/\/omicrone.fr\/fr\/wp-json\/wp\/v2\/types\/page"}],"author":[{"embeddable":true,"href":"https:\/\/omicrone.fr\/fr\/wp-json\/wp\/v2\/users\/1"}],"replies":[{"embeddable":true,"href":"https:\/\/omicrone.fr\/fr\/wp-json\/wp\/v2\/comments?post=15687"}],"version-history":[{"count":1,"href":"https:\/\/omicrone.fr\/fr\/wp-json\/wp\/v2\/pages\/15687\/revisions"}],"predecessor-version":[{"id":15689,"href":"https:\/\/omicrone.fr\/fr\/wp-json\/wp\/v2\/pages\/15687\/revisions\/15689"}],"up":[{"embeddable":true,"href":"https:\/\/omicrone.fr\/fr\/wp-json\/wp\/v2\/pages\/3182"}],"wp:attachment":[{"href":"https:\/\/omicrone.fr\/fr\/wp-json\/wp\/v2\/media?parent=15687"}],"curies":[{"name":"wp","href":"https:\/\/api.w.org\/{rel}","templated":true}]}}