{"id":15684,"date":"2023-03-23T17:37:46","date_gmt":"2023-03-23T16:37:46","guid":{"rendered":"http:\/\/omicrone.fr\/fr\/?page_id=15684"},"modified":"2023-03-23T17:37:50","modified_gmt":"2023-03-23T16:37:50","slug":"data-ia","status":"publish","type":"page","link":"https:\/\/omicrone.fr\/fr\/pages\/data-ia\/","title":{"rendered":"Data &#038; IA"},"content":{"rendered":"<p>[vc_row][vc_column width=\u00a0\u00bb1\/1&Prime;]<div class=\"spacer\" style=\"height: 20px;\"><\/div><h2 class=\"headline font-special fontsize-l fontweight-700 lh-inherit align-left transform-uppercase \" style=\"margin: 20px 0 20px 0;\">Data &amp; IA<\/h2>[vc_column_text]<\/p>\n<p align=\"justify\">Nous vous aidons \u00e0 aligner votre strat\u00e9gie data sur votre strat\u00e9gie m\u00e9tier et \u00e0 devenir une entreprise data driven.<br \/>\nNous vous accompagnons pour organiser, s\u00e9curiser et valoriser vos donn\u00e9es en tenant compte des aspects fonctionnels, techniques et architecturaux.<br \/>\nNous vous proposons des m\u00e9thodes, outils et processus pour garantir que vos donn\u00e9es sont bien identifi\u00e9es et exploitables sans risque.<br \/>\nNous vous apportons notre expertise dans la conception, la r\u00e9alisation et l\u2019exploitation de plateformes Data et BigData bas\u00e9es sur des techniques modernes et robustes.<br \/>\nNous vous guidons depuis la d\u00e9finition des cas d\u2019usage jusqu\u2019\u00e0 leur mise en \u0153uvre gr\u00e2ce \u00e0 nos experts en Datascience et en IA.<br \/>\nNous vous offrons des architectures BI Robustes qui vous permettent de prendre des d\u00e9cisions \u00e9clair\u00e9es sur la base d\u2019indicateurs fiables fournis aux bonnes personnes au bon moment.<\/p>\n<p>[\/vc_column_text]<div class=\"spacer\" style=\"height: 20px;\"><\/div>[\/vc_column][\/vc_row]<\/p>\n","protected":false},"excerpt":{"rendered":"<p>[vc_row][vc_column width=\u00a0\u00bb1\/1&Prime;][vc_column_text] Nous vous aidons \u00e0 aligner votre strat\u00e9gie data sur votre strat\u00e9gie m\u00e9tier et \u00e0 devenir une entreprise data driven. Nous vous accompagnons pour organiser, s\u00e9curiser et valoriser vos donn\u00e9es en tenant compte des aspects fonctionnels, techniques et architecturaux. Nous vous proposons des m\u00e9thodes, outils et processus pour garantir que vos donn\u00e9es sont bien identifi\u00e9es et exploitables sans risque. Nous vous apportons notre expertise dans la conception, la r\u00e9alisation et l\u2019exploitation de plateformes Data et BigData bas\u00e9es sur des techniques modernes et robustes. Nous vous guidons depuis la d\u00e9finition des cas d\u2019usage jusqu\u2019\u00e0 leur mise en \u0153uvre gr\u00e2ce \u00e0 nos experts en Datascience et en IA. Nous vous offrons des architectures BI Robustes qui vous permettent de prendre des d\u00e9cisions \u00e9clair\u00e9es sur la base d\u2019indicateurs fiables fournis aux bonnes personnes au bon moment. [\/vc_column_text][\/vc_column][\/vc_row]<\/p>\n","protected":false},"author":1,"featured_media":0,"parent":3182,"menu_order":0,"comment_status":"open","ping_status":"open","template":"","meta":[],"_links":{"self":[{"href":"https:\/\/omicrone.fr\/fr\/wp-json\/wp\/v2\/pages\/15684"}],"collection":[{"href":"https:\/\/omicrone.fr\/fr\/wp-json\/wp\/v2\/pages"}],"about":[{"href":"https:\/\/omicrone.fr\/fr\/wp-json\/wp\/v2\/types\/page"}],"author":[{"embeddable":true,"href":"https:\/\/omicrone.fr\/fr\/wp-json\/wp\/v2\/users\/1"}],"replies":[{"embeddable":true,"href":"https:\/\/omicrone.fr\/fr\/wp-json\/wp\/v2\/comments?post=15684"}],"version-history":[{"count":1,"href":"https:\/\/omicrone.fr\/fr\/wp-json\/wp\/v2\/pages\/15684\/revisions"}],"predecessor-version":[{"id":15686,"href":"https:\/\/omicrone.fr\/fr\/wp-json\/wp\/v2\/pages\/15684\/revisions\/15686"}],"up":[{"embeddable":true,"href":"https:\/\/omicrone.fr\/fr\/wp-json\/wp\/v2\/pages\/3182"}],"wp:attachment":[{"href":"https:\/\/omicrone.fr\/fr\/wp-json\/wp\/v2\/media?parent=15684"}],"curies":[{"name":"wp","href":"https:\/\/api.w.org\/{rel}","templated":true}]}}