{"id":15681,"date":"2023-03-23T17:35:46","date_gmt":"2023-03-23T16:35:46","guid":{"rendered":"http:\/\/omicrone.fr\/fr\/?page_id=15681"},"modified":"2023-03-23T17:35:46","modified_gmt":"2023-03-23T16:35:46","slug":"cloud-devops","status":"publish","type":"page","link":"https:\/\/omicrone.fr\/fr\/pages\/cloud-devops\/","title":{"rendered":"Cloud et DevOps"},"content":{"rendered":"<p>[vc_row][vc_column width=\u00a0\u00bb1\/1&Prime;]<div class=\"spacer\" style=\"height: 20px;\"><\/div><h2 class=\"headline font-special fontsize-l fontweight-700 lh-inherit align-left transform-uppercase \" style=\"margin: 20px 0 20px 0;\">Cloud et DevOps<\/h2>[vc_column_text]<\/p>\n<p align=\"justify\">Pour s\u2019adapter aux nouvelles fa\u00e7ons de consommer des ressources et des services, il faut changer de mod\u00e8le op\u00e9rationnel et recourir davantage au Cloud, qu\u2019il soit priv\u00e9 ou public. Cela implique de relever de nouveaux d\u00e9fis pour g\u00e9rer des environnements diversifi\u00e9s et complexes dans un monde multicloud. R\u00e9inventer les OPS c\u2019est rationaliser et automatiser les t\u00e2ches courantes, tout en conservant le contr\u00f4le d\u2019environnements h\u00e9t\u00e9rog\u00e8nes.<\/p>\n<p>[\/vc_column_text]<div class=\"spacer\" style=\"height: 20px;\"><\/div>[\/vc_column][\/vc_row]<\/p>\n","protected":false},"excerpt":{"rendered":"<p>[vc_row][vc_column width=\u00a0\u00bb1\/1&Prime;][vc_column_text] Pour s\u2019adapter aux nouvelles fa\u00e7ons de consommer des ressources et des services, il faut changer de mod\u00e8le op\u00e9rationnel et recourir davantage au Cloud, qu\u2019il soit priv\u00e9 ou public. Cela implique de relever de nouveaux d\u00e9fis pour g\u00e9rer des environnements diversifi\u00e9s et complexes dans un monde multicloud. R\u00e9inventer les OPS c\u2019est rationaliser et automatiser les t\u00e2ches courantes, tout en conservant le contr\u00f4le d\u2019environnements h\u00e9t\u00e9rog\u00e8nes. [\/vc_column_text][\/vc_column][\/vc_row]<\/p>\n","protected":false},"author":1,"featured_media":0,"parent":3182,"menu_order":0,"comment_status":"open","ping_status":"open","template":"","meta":[],"_links":{"self":[{"href":"https:\/\/omicrone.fr\/fr\/wp-json\/wp\/v2\/pages\/15681"}],"collection":[{"href":"https:\/\/omicrone.fr\/fr\/wp-json\/wp\/v2\/pages"}],"about":[{"href":"https:\/\/omicrone.fr\/fr\/wp-json\/wp\/v2\/types\/page"}],"author":[{"embeddable":true,"href":"https:\/\/omicrone.fr\/fr\/wp-json\/wp\/v2\/users\/1"}],"replies":[{"embeddable":true,"href":"https:\/\/omicrone.fr\/fr\/wp-json\/wp\/v2\/comments?post=15681"}],"version-history":[{"count":1,"href":"https:\/\/omicrone.fr\/fr\/wp-json\/wp\/v2\/pages\/15681\/revisions"}],"predecessor-version":[{"id":15683,"href":"https:\/\/omicrone.fr\/fr\/wp-json\/wp\/v2\/pages\/15681\/revisions\/15683"}],"up":[{"embeddable":true,"href":"https:\/\/omicrone.fr\/fr\/wp-json\/wp\/v2\/pages\/3182"}],"wp:attachment":[{"href":"https:\/\/omicrone.fr\/fr\/wp-json\/wp\/v2\/media?parent=15681"}],"curies":[{"name":"wp","href":"https:\/\/api.w.org\/{rel}","templated":true}]}}