{"id":15678,"date":"2023-03-23T17:34:18","date_gmt":"2023-03-23T16:34:18","guid":{"rendered":"http:\/\/omicrone.fr\/fr\/?page_id=15678"},"modified":"2023-07-27T16:06:42","modified_gmt":"2023-07-27T14:06:42","slug":"developpement-it","status":"publish","type":"page","link":"https:\/\/omicrone.fr\/fr\/pages\/developpement-it\/","title":{"rendered":"D\u00e9veloppement IT"},"content":{"rendered":"<p>[vc_row][vc_column width=\u00a0\u00bb1\/1&Prime;]<div class=\"spacer\" style=\"height: 20px;\"><\/div><h2 class=\"headline font-special fontsize-l fontweight-700 lh-inherit align-left transform-uppercase \" style=\"margin: 20px 0 20px 0;\">D\u00e9veloppement IT<\/h2>[vc_column_text]<\/p>\n<p align=\"justify\">Le num\u00e9rique transforme les mod\u00e8les de notre monde. La recherche de nouvelles exp\u00e9riences utilisateurs, de nouveaux services, de nouveaux \u00e9cosyst\u00e8mes \u00e9conomiques cr\u00e9e des ph\u00e9nom\u00e8nes de disruption\/rupture syst\u00e9matiquement d\u00e9clench\u00e9s par l\u2019augmentation des capacit\u00e9s du num\u00e9rique. Omicrone fait du d\u00e9veloppement logiciel une comp\u00e9tence indispensable d\u00e9coulant de tous les autres \u00e9l\u00e9ments n\u00e9cessaires \u00e0 la transformation.<\/p>\n<p>[\/vc_column_text]<div class=\"spacer\" style=\"height: 20px;\"><\/div>[\/vc_column][\/vc_row]<\/p>\n","protected":false},"excerpt":{"rendered":"<p>[vc_row][vc_column width=\u00a0\u00bb1\/1&Prime;][vc_column_text] Le num\u00e9rique transforme les mod\u00e8les de notre monde. La recherche de nouvelles exp\u00e9riences utilisateurs, de nouveaux services, de nouveaux \u00e9cosyst\u00e8mes \u00e9conomiques cr\u00e9e des ph\u00e9nom\u00e8nes de disruption\/rupture syst\u00e9matiquement d\u00e9clench\u00e9s par l\u2019augmentation des capacit\u00e9s du num\u00e9rique. Omicrone fait du d\u00e9veloppement logiciel une comp\u00e9tence indispensable d\u00e9coulant de tous les autres \u00e9l\u00e9ments n\u00e9cessaires \u00e0 la transformation. [\/vc_column_text][\/vc_column][\/vc_row]<\/p>\n","protected":false},"author":1,"featured_media":0,"parent":3182,"menu_order":0,"comment_status":"open","ping_status":"open","template":"","meta":[],"_links":{"self":[{"href":"https:\/\/omicrone.fr\/fr\/wp-json\/wp\/v2\/pages\/15678"}],"collection":[{"href":"https:\/\/omicrone.fr\/fr\/wp-json\/wp\/v2\/pages"}],"about":[{"href":"https:\/\/omicrone.fr\/fr\/wp-json\/wp\/v2\/types\/page"}],"author":[{"embeddable":true,"href":"https:\/\/omicrone.fr\/fr\/wp-json\/wp\/v2\/users\/1"}],"replies":[{"embeddable":true,"href":"https:\/\/omicrone.fr\/fr\/wp-json\/wp\/v2\/comments?post=15678"}],"version-history":[{"count":2,"href":"https:\/\/omicrone.fr\/fr\/wp-json\/wp\/v2\/pages\/15678\/revisions"}],"predecessor-version":[{"id":15854,"href":"https:\/\/omicrone.fr\/fr\/wp-json\/wp\/v2\/pages\/15678\/revisions\/15854"}],"up":[{"embeddable":true,"href":"https:\/\/omicrone.fr\/fr\/wp-json\/wp\/v2\/pages\/3182"}],"wp:attachment":[{"href":"https:\/\/omicrone.fr\/fr\/wp-json\/wp\/v2\/media?parent=15678"}],"curies":[{"name":"wp","href":"https:\/\/api.w.org\/{rel}","templated":true}]}}