{"id":15672,"date":"2023-03-23T17:31:11","date_gmt":"2023-03-23T16:31:11","guid":{"rendered":"http:\/\/omicrone.fr\/fr\/?page_id=15672"},"modified":"2023-03-23T17:31:19","modified_gmt":"2023-03-23T16:31:19","slug":"actuariat","status":"publish","type":"page","link":"https:\/\/omicrone.fr\/fr\/pages\/actuariat\/","title":{"rendered":"Actuariat"},"content":{"rendered":"<p>[vc_row][vc_column width=\u00a0\u00bb1\/1&Prime;]<div class=\"spacer\" style=\"height: 20px;\"><\/div><h2 class=\"headline font-special fontsize-l fontweight-700 lh-inherit align-left transform-uppercase \" style=\"margin: 20px 0 20px 0;\">Actuariat<\/h2>[vc_column_text]<\/p>\n<p align=\"justify\">Omicrone est un expert en Actuariat conseil qui travaille avec les principaux acteurs des domaines bancaire et assurantiel. Nos \u00e9quipes d\u2019actuaires les aident \u00e0 se d\u00e9velopper dans diff\u00e9rents secteurs comme l\u2019\u00e9pargne retraite, la sant\u00e9 ou la pr\u00e9voyance. Elles les conseillent aussi bien sur des aspects techniques (cr\u00e9ation de produit, mod\u00e9lisation, GSE\u2026) que sur des aspects r\u00e9glementaires (Loi Pacte, Solvabilit\u00e9 2, IFRS 17\u2026).<br \/>\nOmicrone accompagne ses clients dans leurs projets de d\u00e9veloppement, de transformation et de conformit\u00e9 r\u00e9glementaire. Omicrone dispose d\u2019une \u00e9quipe d\u2019actuaires experts dans les domaines de l\u2019\u00e9pargne retraite, la sant\u00e9, la pr\u00e9voyance, la mod\u00e9lisation, la conception de produit et la gestion des risques.<\/p>\n<p>[\/vc_column_text]<div class=\"spacer\" style=\"height: 20px;\"><\/div>[\/vc_column][\/vc_row]<\/p>\n","protected":false},"excerpt":{"rendered":"<p>[vc_row][vc_column width=\u00a0\u00bb1\/1&Prime;][vc_column_text] Omicrone est un expert en Actuariat conseil qui travaille avec les principaux acteurs des domaines bancaire et assurantiel. Nos \u00e9quipes d\u2019actuaires les aident \u00e0 se d\u00e9velopper dans diff\u00e9rents secteurs comme l\u2019\u00e9pargne retraite, la sant\u00e9 ou la pr\u00e9voyance. Elles les conseillent aussi bien sur des aspects techniques (cr\u00e9ation de produit, mod\u00e9lisation, GSE\u2026) que sur des aspects r\u00e9glementaires (Loi Pacte, Solvabilit\u00e9 2, IFRS 17\u2026). Omicrone accompagne ses clients dans leurs projets de d\u00e9veloppement, de transformation et de conformit\u00e9 r\u00e9glementaire. Omicrone dispose d\u2019une \u00e9quipe d\u2019actuaires experts dans les domaines de l\u2019\u00e9pargne retraite, la sant\u00e9, la pr\u00e9voyance, la mod\u00e9lisation, la conception de produit et la gestion des risques. [\/vc_column_text][\/vc_column][\/vc_row]<\/p>\n","protected":false},"author":1,"featured_media":0,"parent":3182,"menu_order":0,"comment_status":"open","ping_status":"open","template":"","meta":[],"_links":{"self":[{"href":"https:\/\/omicrone.fr\/fr\/wp-json\/wp\/v2\/pages\/15672"}],"collection":[{"href":"https:\/\/omicrone.fr\/fr\/wp-json\/wp\/v2\/pages"}],"about":[{"href":"https:\/\/omicrone.fr\/fr\/wp-json\/wp\/v2\/types\/page"}],"author":[{"embeddable":true,"href":"https:\/\/omicrone.fr\/fr\/wp-json\/wp\/v2\/users\/1"}],"replies":[{"embeddable":true,"href":"https:\/\/omicrone.fr\/fr\/wp-json\/wp\/v2\/comments?post=15672"}],"version-history":[{"count":1,"href":"https:\/\/omicrone.fr\/fr\/wp-json\/wp\/v2\/pages\/15672\/revisions"}],"predecessor-version":[{"id":15674,"href":"https:\/\/omicrone.fr\/fr\/wp-json\/wp\/v2\/pages\/15672\/revisions\/15674"}],"up":[{"embeddable":true,"href":"https:\/\/omicrone.fr\/fr\/wp-json\/wp\/v2\/pages\/3182"}],"wp:attachment":[{"href":"https:\/\/omicrone.fr\/fr\/wp-json\/wp\/v2\/media?parent=15672"}],"curies":[{"name":"wp","href":"https:\/\/api.w.org\/{rel}","templated":true}]}}