{"id":15668,"date":"2023-03-23T17:28:57","date_gmt":"2023-03-23T16:28:57","guid":{"rendered":"http:\/\/omicrone.fr\/fr\/?page_id=15668"},"modified":"2023-03-23T17:29:14","modified_gmt":"2023-03-23T16:29:14","slug":"gestion-risque","status":"publish","type":"page","link":"https:\/\/omicrone.fr\/fr\/pages\/gestion-risque\/","title":{"rendered":"Gestion des risques"},"content":{"rendered":"<p>[vc_row][vc_column width=\u00a0\u00bb1\/1&Prime;]<div class=\"spacer\" style=\"height: 20px;\"><\/div><h2 class=\"headline font-special fontsize-l fontweight-700 lh-inherit align-left transform-uppercase \" style=\"margin: 20px 0 20px 0;\">Gestion des risques<\/h2>[vc_column_text]<\/p>\n<p align=\"justify\">La gestion des risques est un \u00e9l\u00e9ment cl\u00e9 de l\u2019activit\u00e9 des entreprises en g\u00e9n\u00e9ral et des \u00e9tablissements financiers en particulier. Omicrone offre une expertise solide en mati\u00e8re de gestion des risques sur divers m\u00e9tiers aupr\u00e8s de ses clients, notamment pour :<br \/>\nMesurer le niveau de contr\u00f4le des risques \u201cmarch\u00e9s\u201d (liquidit\u00e9, taux, change, march\u00e9), des risques cr\u00e9dits et op\u00e9rationnels des clients et les besoins r\u00e9glementaires en fonds propres et red\u00e9finir la strat\u00e9gie de gestion des risques.<br \/>\nV\u00e9rifier le niveau de conformit\u00e9, concernant le syst\u00e8me de gouvernance, l\u2019appr\u00e9ciation des risques et des exigences en capitaux propres, les r\u00e8gles d\u2019investissement, la qualit\u00e9 et la quantit\u00e9 des actifs et des fonds propres, le respect des normes qualitatives et quantitatives en cas d\u2019utilisation d\u2019un mod\u00e8le interne partiel ; suivre \/ piloter les risques au moyen de reporting ; d\u00e9terminer le cadre d\u2019app\u00e9tence au risque et sa d\u00e9clinaison en termes de limites, d\u2019indicateurs et de seuils d\u2019alerte ; anticiper les nouvelles exigences r\u00e9glementaires et adopter les meilleures pratiques du march\u00e9.<\/p>\n<p>[\/vc_column_text]<div class=\"spacer\" style=\"height: 20px;\"><\/div>[\/vc_column][\/vc_row]<\/p>\n","protected":false},"excerpt":{"rendered":"<p>[vc_row][vc_column width=\u00a0\u00bb1\/1&Prime;][vc_column_text] La gestion des risques est un \u00e9l\u00e9ment cl\u00e9 de l\u2019activit\u00e9 des entreprises en g\u00e9n\u00e9ral et des \u00e9tablissements financiers en particulier. Omicrone offre une expertise solide en mati\u00e8re de gestion des risques sur divers m\u00e9tiers aupr\u00e8s de ses clients, notamment pour : Mesurer le niveau de contr\u00f4le des risques \u201cmarch\u00e9s\u201d (liquidit\u00e9, taux, change, march\u00e9), des risques cr\u00e9dits et op\u00e9rationnels des clients et les besoins r\u00e9glementaires en fonds propres et red\u00e9finir la strat\u00e9gie de gestion des risques. V\u00e9rifier le niveau de conformit\u00e9, concernant le syst\u00e8me de gouvernance, l\u2019appr\u00e9ciation des risques et des exigences en capitaux propres, les r\u00e8gles d\u2019investissement, la qualit\u00e9 et la quantit\u00e9 des actifs et des fonds propres, le respect des normes qualitatives et quantitatives en cas d\u2019utilisation d\u2019un mod\u00e8le interne partiel ; suivre \/ piloter les risques au moyen de reporting ; d\u00e9terminer le cadre d\u2019app\u00e9tence au risque et sa d\u00e9clinaison en termes de limites, d\u2019indicateurs et de seuils d\u2019alerte ; anticiper les nouvelles exigences r\u00e9glementaires et adopter les meilleures pratiques du march\u00e9. [\/vc_column_text][\/vc_column][\/vc_row]<\/p>\n","protected":false},"author":1,"featured_media":0,"parent":3182,"menu_order":0,"comment_status":"open","ping_status":"open","template":"","meta":[],"_links":{"self":[{"href":"https:\/\/omicrone.fr\/fr\/wp-json\/wp\/v2\/pages\/15668"}],"collection":[{"href":"https:\/\/omicrone.fr\/fr\/wp-json\/wp\/v2\/pages"}],"about":[{"href":"https:\/\/omicrone.fr\/fr\/wp-json\/wp\/v2\/types\/page"}],"author":[{"embeddable":true,"href":"https:\/\/omicrone.fr\/fr\/wp-json\/wp\/v2\/users\/1"}],"replies":[{"embeddable":true,"href":"https:\/\/omicrone.fr\/fr\/wp-json\/wp\/v2\/comments?post=15668"}],"version-history":[{"count":2,"href":"https:\/\/omicrone.fr\/fr\/wp-json\/wp\/v2\/pages\/15668\/revisions"}],"predecessor-version":[{"id":15671,"href":"https:\/\/omicrone.fr\/fr\/wp-json\/wp\/v2\/pages\/15668\/revisions\/15671"}],"up":[{"embeddable":true,"href":"https:\/\/omicrone.fr\/fr\/wp-json\/wp\/v2\/pages\/3182"}],"wp:attachment":[{"href":"https:\/\/omicrone.fr\/fr\/wp-json\/wp\/v2\/media?parent=15668"}],"curies":[{"name":"wp","href":"https:\/\/api.w.org\/{rel}","templated":true}]}}