{"id":15238,"date":"2015-02-19T21:25:05","date_gmt":"2015-02-19T21:25:05","guid":{"rendered":"http:\/\/uniconxml.mintithemes.com\/?page_id=15238"},"modified":"2023-03-23T17:17:05","modified_gmt":"2023-03-23T16:17:05","slug":"asset-management","status":"publish","type":"page","link":"https:\/\/omicrone.fr\/fr\/pages\/asset-management\/","title":{"rendered":"Asset management"},"content":{"rendered":"<p>[vc_row][vc_column width=\u00a0\u00bb1\/1&Prime;]<div class=\"spacer\" style=\"height: 20px;\"><\/div><h2 class=\"headline font-special fontsize-l fontweight-700 lh-inherit align-left transform-uppercase \" style=\"margin: 20px 0 20px 0;\">Asset Management<\/h2>[vc_column_text]<\/p>\n<p align=\"justify\">Nous accompagnons les acteurs majeurs de la Private Equity \u00e0 renforcer leur performance en optimisant leurs m\u00e9thodes de gestion d\u2019actifs<br \/>\nOmicrone ma\u00eetrise le m\u00e9tier et le fonctionnement des soci\u00e9t\u00e9s de gestion, ainsi que les modes d\u2019investissement chez les acteurs du march\u00e9 financier \u2013 banques, gestionnaires et assureurs.<br \/>\nOmicrone \u00e9labore des strat\u00e9gies pour anticiper et g\u00e9rer les effets des nouvelles r\u00e9glementations et elle exploite les innovations technologiques pour en optimiser les b\u00e9n\u00e9fices Par son expertise en gestion de projets.<br \/>\nOmicrone facilite et fiabilise l\u2019\u00e9volution des organisations et le d\u00e9ploiement des outils.<\/p>\n<p>[\/vc_column_text]<div class=\"spacer\" style=\"height: 20px;\"><\/div>[\/vc_column][\/vc_row]<\/p>\n","protected":false},"excerpt":{"rendered":"<p>[vc_row][vc_column width=\u00a0\u00bb1\/1&Prime;][vc_column_text] Nous accompagnons les acteurs majeurs de la Private Equity \u00e0 renforcer leur performance en optimisant leurs m\u00e9thodes de gestion d\u2019actifs Omicrone ma\u00eetrise le m\u00e9tier et le fonctionnement des soci\u00e9t\u00e9s de gestion, ainsi que les modes d\u2019investissement chez les acteurs du march\u00e9 financier \u2013 banques, gestionnaires et assureurs. Omicrone \u00e9labore des strat\u00e9gies pour anticiper et g\u00e9rer les effets des nouvelles r\u00e9glementations et elle exploite les innovations technologiques pour en optimiser les b\u00e9n\u00e9fices Par son expertise en gestion de projets. Omicrone facilite et fiabilise l\u2019\u00e9volution des organisations et le d\u00e9ploiement des outils. [\/vc_column_text][\/vc_column][\/vc_row]<\/p>\n","protected":false},"author":1,"featured_media":0,"parent":3182,"menu_order":0,"comment_status":"open","ping_status":"open","template":"","meta":[],"_links":{"self":[{"href":"https:\/\/omicrone.fr\/fr\/wp-json\/wp\/v2\/pages\/15238"}],"collection":[{"href":"https:\/\/omicrone.fr\/fr\/wp-json\/wp\/v2\/pages"}],"about":[{"href":"https:\/\/omicrone.fr\/fr\/wp-json\/wp\/v2\/types\/page"}],"author":[{"embeddable":true,"href":"https:\/\/omicrone.fr\/fr\/wp-json\/wp\/v2\/users\/1"}],"replies":[{"embeddable":true,"href":"https:\/\/omicrone.fr\/fr\/wp-json\/wp\/v2\/comments?post=15238"}],"version-history":[{"count":8,"href":"https:\/\/omicrone.fr\/fr\/wp-json\/wp\/v2\/pages\/15238\/revisions"}],"predecessor-version":[{"id":15667,"href":"https:\/\/omicrone.fr\/fr\/wp-json\/wp\/v2\/pages\/15238\/revisions\/15667"}],"up":[{"embeddable":true,"href":"https:\/\/omicrone.fr\/fr\/wp-json\/wp\/v2\/pages\/3182"}],"wp:attachment":[{"href":"https:\/\/omicrone.fr\/fr\/wp-json\/wp\/v2\/media?parent=15238"}],"curies":[{"name":"wp","href":"https:\/\/api.w.org\/{rel}","templated":true}]}}