{"id":14045,"date":"2015-01-27T13:54:39","date_gmt":"2015-01-27T12:54:39","guid":{"rendered":"http:\/\/localhost\/themes\/unicon\/?page_id=14045"},"modified":"2023-11-06T14:37:46","modified_gmt":"2023-11-06T13:37:46","slug":"accueil","status":"publish","type":"page","link":"https:\/\/omicrone.fr\/fr\/","title":{"rendered":"Accueil"},"content":{"rendered":"<p>[vc_row type=\u00a0\u00bbfull_width_section\u00a0\u00bb][vc_column width=\u00a0\u00bb1\/1&Prime;][rev_slider_vc alias=\u00a0\u00bbvideo-single-slide-1&Prime;][\/vc_column][\/vc_row][vc_row top_padding=\u00a0\u00bb100&Prime; bottom_padding=\u00a0\u00bb100&Prime; bg_position=\u00a0\u00bbleft top\u00a0\u00bb][vc_column width=\u00a0\u00bb1\/3&Prime;]<div class=\"iconbox  wpb_content_element iconbox-style-2 icon-color-greyscale color-dark clearfix\"><div class=\"iconbox-icon\"><img src='https:\/\/omicrone.fr\/fr\/wp-content\/uploads\/2023\/03\/mission-icon.png' class='iconimg' alt='Notre mission' \/><\/div><div class=\"iconbox-content\"><h3>Notre mission<\/h3><p>Notre mission consiste \u00e0 offrir \u00e0 nos clients des services de conseil et d&rsquo;assistance pour les aider \u00e0 concevoir, d\u00e9velopper et lancer de nouveaux produits et services, ainsi qu&rsquo;\u00e0 am\u00e9liorer leurs syst\u00e8mes d&rsquo;information afin d&rsquo;optimiser leur performance commerciale.<\/p><\/div><\/div>[\/vc_column][vc_column width=\u00a0\u00bb1\/3&Prime;]<div class=\"iconbox  wpb_content_element iconbox-style-2 icon-color-greyscale color-dark clearfix\"><div class=\"iconbox-icon\"><img src='https:\/\/omicrone.fr\/fr\/wp-content\/uploads\/2023\/03\/ambition-icon.png' class='iconimg' alt='Notre ambition' \/><\/div><div class=\"iconbox-content\"><h3>Notre ambition<\/h3><p>Nous aspirons \u00e0 devenir un acteur majeur dans le domaine du conseil en mati\u00e8re d&rsquo;innovation en am\u00e9liorant constamment notre mod\u00e8le pour offrir une valeur ajout\u00e9e accrue et renforcer la relation de confiance avec nos clients.<\/p><\/div><\/div>[\/vc_column][vc_column width=\u00a0\u00bb1\/3&Prime;]<div class=\"iconbox  wpb_content_element iconbox-style-2 icon-color-greyscale color-dark clearfix\"><div class=\"iconbox-icon\"><img src='https:\/\/omicrone.fr\/fr\/wp-content\/uploads\/2023\/03\/work-icon.png' class='iconimg' alt='Notre m\u00e9tier' \/><\/div><div class=\"iconbox-content\"><h3>Notre m\u00e9tier<\/h3><p>Nous sommes sp\u00e9cialis\u00e9s dans la gestion experte des syst\u00e8mes d&rsquo;information dans un objectif d&rsquo;excellence.<\/p><\/div><\/div>[\/vc_column][\/vc_row][vc_row bg_color=\u00a0\u00bb#222222&Prime; text_color=\u00a0\u00bblight\u00a0\u00bb top_padding=\u00a0\u00bb100&Prime; bottom_padding=\u00a0\u00bb100&Prime; bg_position=\u00a0\u00bbleft top\u00a0\u00bb][vc_column width=\u00a0\u00bb1\/2&Prime;][\/vc_column][vc_column width=\u00a0\u00bb1\/2&Prime;]<div class=\"progress-title clearfix\">Satisfaction client<span>95%<\/span><\/div><div class=\"progressbar\" data-perc=\"95\"><div class=\"progress-percentage\" style=\"background: #1951a0 !important;\"><\/div><\/div><div class=\"progress-title clearfix\">Renouv\u00e8lement de mission <span>95%<\/span><\/div><div class=\"progressbar\" data-perc=\"95\"><div class=\"progress-percentage\" style=\"background: #1951a0 !important;\"><\/div><\/div><div class=\"progress-title clearfix\">Satisfaction consultant<span>93%<\/span><\/div><div class=\"progressbar\" data-perc=\"93\"><div class=\"progress-percentage\" style=\"background: #1951a0 !important;\"><\/div><\/div>[\/vc_column][\/vc_row][vc_row bg_color=\u00a0\u00bb#1951a0&Prime; text_color=\u00a0\u00bblight\u00a0\u00bb top_padding=\u00a0\u00bb50&Prime; bottom_padding=\u00a0\u00bb40&Prime; bg_position=\u00a0\u00bbleft top\u00a0\u00bb][vc_column width=\u00a0\u00bb1\/4&Prime;]<div class=\"counter clearfix wpb_content_element\"><div class=\"counter-number\" style=\"color: #ffffff !important;\">136<\/div><span class=\"counter-title\">Clients<\/span><\/div>[\/vc_column][vc_column width=\u00a0\u00bb1\/4&Prime;]<div class=\"counter clearfix wpb_content_element\"><div class=\"counter-number\" style=\"color: #ffffff !important;\">80<\/div><span class=\"counter-title\">Consultants<\/span><\/div>[\/vc_column][vc_column width=\u00a0\u00bb1\/4&Prime;]<div class=\"counter clearfix wpb_content_element\"><div class=\"counter-number\" style=\"color: #ffffff !important;\">30%<\/div><span class=\"counter-title\">Croissance annuelle<\/span><\/div>[\/vc_column][vc_column width=\u00a0\u00bb1\/4&Prime;]<div class=\"counter clearfix wpb_content_element\"><div class=\"counter-number\" style=\"color: #ffffff !important;\">521<\/div><span class=\"counter-title\">Projets<\/span><\/div>[\/vc_column][\/vc_row][vc_row section_arrow=\u00a0\u00bbfalse\u00a0\u00bb top_padding=\u00a0\u00bb70&Prime; bottom_padding=\u00a0\u00bb70&Prime; bg_position=\u00a0\u00bbleft top\u00a0\u00bb][vc_column width=\u00a0\u00bb1\/3&Prime;]<div class=\"iconbox  wpb_content_element iconbox-style-2 icon-color-accent color-dark clearfix\"><div class=\"iconbox-icon\"><img src='https:\/\/omicrone.fr\/fr\/wp-content\/uploads\/2023\/03\/finance.png' class='iconimg' alt='Practice finance' \/><\/div><div class=\"iconbox-content\"><h3>Practice finance<\/h3><p>\n<p align=\"justify\">Omicrone accompagne les acteurs des Services Financiers dans leur transformation pour cr\u00e9er de la valeur centr\u00e9e sur l&rsquo;exp\u00e9rience client.<\/p>\n<a href=\"http:\/\/omicrone.fr\/fr\/pages\/expertises\" target=\"_self\" class=\"button color-9 small \" style=\"border-radius: 2px;\"><i class='fa fa-caret-right'><\/i>En savoir +<\/a><\/p><\/div><\/div>[\/vc_column][vc_column width=\u00a0\u00bb1\/3&Prime;]<div class=\"iconbox  wpb_content_element iconbox-style-2 icon-color-accent color-dark clearfix\"><div class=\"iconbox-icon\"><img src='https:\/\/omicrone.fr\/fr\/wp-content\/uploads\/2023\/03\/IT.png' class='iconimg' alt='Practice IT' \/><\/div><div class=\"iconbox-content\"><h3>Practice IT<\/h3><p>\n<p align=\"justify\">Omicrone aide \u00e0 concevoir et am\u00e9liorer les architectures cibles et les processus m\u00e9tier, \u00e0 maintenir la coh\u00e9rence du syst\u00e8me d&rsquo;information avec les ambitions strat\u00e9giques et \u00e0 g\u00e9rer les ressources pendant la transition.<\/p>\n<a href=\"http:\/\/omicrone.fr\/fr\/pages\/expertises\" target=\"_self\" class=\"button color-9 small \" style=\"border-radius: 2px;\"><i class='fa fa-caret-right'><\/i>En savoir +<\/a><\/p><\/div><\/div>[\/vc_column][vc_column width=\u00a0\u00bb1\/3&Prime;]<div class=\"iconbox  wpb_content_element iconbox-style-2 icon-color-accent color-dark clearfix\"><div class=\"iconbox-icon\"><img src='https:\/\/omicrone.fr\/fr\/wp-content\/uploads\/2023\/03\/transformation2.png' class='iconimg' alt='Practice Transformation et organisation Agile' \/><\/div><div class=\"iconbox-content\"><h3>Practice Transformation et organisation Agile<\/h3><p>\n<p align=\"justify\">Omicrone aide \u00e0 la transition Agile des organisations en \u00e9laborant une solution adapt\u00e9e, fond\u00e9e sur les meilleures pratiques du secteur, et en accompagnant le d\u00e9ploiement et le suivi des \u00e9quipes.<\/p>\n<a href=\"http:\/\/omicrone.fr\/fr\/pages\/expertises\" target=\"_self\" class=\"button color-9 small \" style=\"border-radius: 2px;\"><i class='fa fa-caret-right'><\/i>En savoir +<\/a><\/p><\/div><\/div>[\/vc_column][\/vc_row][vc_row bg_color=\u00a0\u00bb#f9f9f9&Prime; top_padding=\u00a0\u00bb100&Prime;][vc_column width=\u00a0\u00bb1\/2&Prime;]<h3 class=\"headline font-special fontsize-l fontweight-700 lh-inherit align-left transform-uppercase \" style=\"margin: 0 0 20px 0;\">OMICRONE<br \/>\nThink out of the box<\/h3>[vc_column_text]<\/p>\n<p align=\"justify\">Omicrone est un cabinet fran\u00e7ais ind\u00e9pendant, Omicrone est n\u00e9 en 2011 par deux consultants passionn\u00e9s. Tous deux issus de grands cabinets de conseil et port\u00e9s par une volont\u00e9 d\u2019entreprendre et de faire leur m\u00e9tier autrement, ils ont cr\u00e9\u00e9 un cabinet hybride, \u00e0 la crois\u00e9e des grands cabinets et des start-ups.<\/p>\n<p align=\"justify\">Des missions \u00e0 forte valeur ajout\u00e9e d\u00e9clin\u00e9es par des \u00e9quipes passionn\u00e9es et engag\u00e9es qui s\u2019appuient sur des m\u00e9thodologies et des \u00ab acc\u00e9l\u00e9rateurs \u00bb construits au fil des r\u00e9alisations depuis une dizaine d\u2019ann\u00e9es.<\/p>\n<p>[\/vc_column_text]<a href=\"http:\/\/omicrone.fr\/fr\/pages\/qui-sommes-nous\" target=\"_self\" class=\"button button-appear color-6 medium \" style=\"border-radius: 2px;\"><span>En Savoir +<i class='fa fa-chevron-right'><\/i><\/span><\/a>[\/vc_column][vc_column width=\u00a0\u00bb1\/2&Prime;]<div class=\"single_image wpb_content_element align-center    \" data-animation=\"none\" data-delay=\"0\"><img width=\"400\" height=\"452\" src=\"https:\/\/omicrone.fr\/fr\/wp-content\/uploads\/2023\/03\/femme.png\" class=\"attachment-full\" alt=\"\" decoding=\"async\" loading=\"lazy\" srcset=\"https:\/\/omicrone.fr\/fr\/wp-content\/uploads\/2023\/03\/femme.png 400w, https:\/\/omicrone.fr\/fr\/wp-content\/uploads\/2023\/03\/femme-265x300.png 265w\" sizes=\"(max-width: 400px) 100vw, 400px\" \/><\/div>[\/vc_column][\/vc_row][vc_row type=\u00a0\u00bbfull_width_section\u00a0\u00bb top_padding=\u00a0\u00bb100&Prime; bg_position=\u00a0\u00bbcenter top\u00a0\u00bb][vc_column width=\u00a0\u00bb1\/1&Prime;]<h3 class=\"headline font-special fontsize-l fontweight-700 lh-inherit align-center transform-uppercase \" style=\"margin: 0 0 20px 0;\">Publications<\/h3>\n\t\t<div class=\"portfolio-element\">\n\n\t\t\n\t\t\t\t\t<div class=\"container\">\n\t\t\n\t\t\t\t\t<div id=\"530027453\" class=\"portfolio-items portfolio-default portfolio-overlay-name clearfix\" data-id=\"530027453\">  \n\t\t\t\t\t\t\n\t\t\t\t\t\t\t\n\t\t\t\t\t\t\t\n\t\t\t\t\t\t\n\t\t\t\t\t\t\t\t\t\t\t\t\t\t\t\t\n\t\t\t\t\t\t\t\t   \n\n\t\t\t\t\t\t\t\t<div class=\"term-dataetia term-omicrone term-practiceit term-strategieit portfolio-item one-third column\">\n\t\t\t\t\t\t\t\t\t<div class=\"portfolio-image\"><a href=\"https:\/\/omicrone.fr\/fr\/portfolio-item\/the-data-behind-ai-why-high-quality-data-is-the-real-competitive-advantage\/\" title=\"The Data Behind AI: Why High-Quality Data Is the Real Competitive Advantage\"><div class=\"portfolio-image-img\"><img src=\"https:\/\/omicrone.fr\/fr\/wp-content\/uploads\/2026\/03\/www.omicrone.fr-13-600x400.png\" alt=\"The Data Behind AI: Why High-Quality Data Is the Real Competitive Advantage\" \/><\/div><div class=\"portfolio-overlay overlay-name\"><span>The Data Behind AI: Why High-Quality Data Is the Real Competitive Advantage<\/span><i class=\"icon-minti-plus\"><\/i><\/div><\/a><\/div>\n\t\t\t\t\t\t\t\t\t<h4><a href=\"https:\/\/omicrone.fr\/fr\/portfolio-item\/the-data-behind-ai-why-high-quality-data-is-the-real-competitive-advantage\/\" title=\"The Data Behind AI: Why High-Quality Data Is the Real Competitive Advantage\">The Data Behind AI: Why High-Quality Data Is the Real Competitive Advantage<\/a><\/h4>\n\t\t\t\t\t\t\t\t\t<span class=\"portfolio-subtitle\"><\/span>\n\t\t\t\t\t\t\t\t<\/div>\n\n\t\t\t\t\t\t\t\t\t\t\t\t  \n\t\t\t\t\t\t\n\t\t\t\t\t\t\t\n\t\t\t\t\t\t\t\n\t\t\t\t\t\t\n\t\t\t\t\t\t\t\t\t\t\t\t\t\t\t\t\n\t\t\t\t\t\t\t\t   \n\n\t\t\t\t\t\t\t\t<div class=\"term-dataetia term-omicrone term-practiceit term-strategieit portfolio-item one-third column\">\n\t\t\t\t\t\t\t\t\t<div class=\"portfolio-image\"><a href=\"https:\/\/omicrone.fr\/fr\/portfolio-item\/from-chatbots-to-ai-copilots-how-ai-assistants-are-transforming-enterprise-workflows\/\" title=\"From chatbots to AI copilots: How AI assistants are transforming enterprise workflows\"><div class=\"portfolio-image-img\"><img src=\"https:\/\/omicrone.fr\/fr\/wp-content\/uploads\/2026\/03\/www.omicrone.fr-10-600x400.png\" alt=\"From chatbots to AI copilots: How AI assistants are transforming enterprise workflows\" \/><\/div><div class=\"portfolio-overlay overlay-name\"><span>From chatbots to AI copilots: How AI assistants are transforming enterprise workflows<\/span><i class=\"icon-minti-plus\"><\/i><\/div><\/a><\/div>\n\t\t\t\t\t\t\t\t\t<h4><a href=\"https:\/\/omicrone.fr\/fr\/portfolio-item\/from-chatbots-to-ai-copilots-how-ai-assistants-are-transforming-enterprise-workflows\/\" title=\"From chatbots to AI copilots: How AI assistants are transforming enterprise workflows\">From chatbots to AI copilots: How AI assistants are transforming enterprise workflows<\/a><\/h4>\n\t\t\t\t\t\t\t\t\t<span class=\"portfolio-subtitle\"><\/span>\n\t\t\t\t\t\t\t\t<\/div>\n\n\t\t\t\t\t\t\t\t\t\t\t\t  \n\t\t\t\t\t\t\n\t\t\t\t\t\t\t\n\t\t\t\t\t\t\t\n\t\t\t\t\t\t\n\t\t\t\t\t\t\t\t\t\t\t\t\t\t\t\t\n\t\t\t\t\t\t\t\t   \n\n\t\t\t\t\t\t\t\t<div class=\"term-dataetia term-practiceit term-strategieit portfolio-item one-third column\">\n\t\t\t\t\t\t\t\t\t<div class=\"portfolio-image\"><a href=\"https:\/\/omicrone.fr\/fr\/portfolio-item\/2026-the-year-data-and-ai-start-to-scale-for-real\/\" title=\"2026: The Year Data and AI Start to Scale for Real\"><div class=\"portfolio-image-img\"><img src=\"https:\/\/omicrone.fr\/fr\/wp-content\/uploads\/2026\/03\/www.omicrone.fr-9-600x400.png\" alt=\"2026: The Year Data and AI Start to Scale for Real\" \/><\/div><div class=\"portfolio-overlay overlay-name\"><span>2026: The Year Data and AI Start to Scale for Real<\/span><i class=\"icon-minti-plus\"><\/i><\/div><\/a><\/div>\n\t\t\t\t\t\t\t\t\t<h4><a href=\"https:\/\/omicrone.fr\/fr\/portfolio-item\/2026-the-year-data-and-ai-start-to-scale-for-real\/\" title=\"2026: The Year Data and AI Start to Scale for Real\">2026: The Year Data and AI Start to Scale for Real<\/a><\/h4>\n\t\t\t\t\t\t\t\t\t<span class=\"portfolio-subtitle\"><\/span>\n\t\t\t\t\t\t\t\t<\/div>\n\n\t\t\t\t\t\t\t\t\t\t\t\t  \n\t\t\t\t\t\t\t\t\t\t\t<\/div>\n\n\t\t\t\t\t<\/div>\n\t\t\n\t\t<\/div>\n\t\t\t\n\t\t\t\t\n\t\t[\/vc_column][\/vc_row][vc_row type=\u00a0\u00bbfull_width_section\u00a0\u00bb top_padding=\u00a0\u00bb30&Prime; bottom_padding=\u00a0\u00bb30&Prime; bg_position=\u00a0\u00bbcenter top\u00a0\u00bb][vc_column width=\u00a0\u00bb1\/1&Prime;]<h3 class=\"headline font-special fontsize-l fontweight-700 lh-inherit align-center transform-uppercase \" style=\"margin: 0 0 20px 0;\">Actualit\u00e9s<\/h3>[vc_row_inner][vc_column_inner css=\u00a0\u00bb.vc_custom_1687532300376{padding-right: 200px !important;padding-left: 200px !important;}\u00a0\u00bb]<div class=\"latest-blog style-white\"\"><div class=\"blog-carousel\"><div class=\"blog-item\"><div class=\"blog-item-description\">\n\t\t\t\t\t\t\t<h4><a href=\"https:\/\/omicrone.fr\/fr\/2025\/10\/01\/%f0%9f%8c%b8-soutenons-la-cause-octobre-rose-%f0%9f%8c%b8\/\" title=\"\ud83c\udf38 Soutenons la cause : Octobre Rose \ud83c\udf38\">\ud83c\udf38 Soutenons la cause : Octobre Rose \ud83c\udf38<\/a><\/h4>\n\t\t\t\t\t  \t\t<div>En ce mois d'Octobre, nous nous sommes rassembl\u00e9s pour honorer celles et ceux qui ont combattu et continuent de combattre... <a class=\"read-more-link\" href=\"https:\/\/omicrone.fr\/fr\/2025\/10\/01\/%f0%9f%8c%b8-soutenons-la-cause-octobre-rose-%f0%9f%8c%b8\/\">read more  &rarr;<\/a><\/div>\n\t\t\t\t\t  \t\t<span>1 octobre 2025<\/span>\n\t\t\t\t  \t\t<\/div><\/div><\/div><\/div><div class=\"clear\"><\/div>[\/vc_column_inner][\/vc_row_inner][\/vc_column][\/vc_row][vc_row top_padding=\u00a0\u00bb20&Prime; bottom_padding=\u00a0\u00bb20&Prime;][vc_column width=\u00a0\u00bb1\/1&Prime;]<div class=\"minti_carousel  grab-false dots\" data-columns=\"5\" data-tabletcolumns=\"5\" data-nav=\"false\" data-pagination=\"false\" data-autoplay=\"true\" data-animationtime=\"4000\"><div class=\"single_image wpb_content_element align-left    \" data-animation=\"none\" data-delay=\"0\"><img width=\"150\" height=\"74\" src=\"https:\/\/omicrone.fr\/fr\/wp-content\/uploads\/2023\/03\/Societe-generale.png\" class=\"attachment-full\" alt=\"\" decoding=\"async\" loading=\"lazy\" \/><\/div><div class=\"single_image wpb_content_element align-left    \" data-animation=\"none\" data-delay=\"0\"><img width=\"150\" height=\"74\" src=\"https:\/\/omicrone.fr\/fr\/wp-content\/uploads\/2023\/03\/ostrum.png\" class=\"attachment-full\" alt=\"\" decoding=\"async\" loading=\"lazy\" \/><\/div><div class=\"single_image wpb_content_element align-left    \" data-animation=\"none\" data-delay=\"0\"><img width=\"150\" height=\"74\" src=\"https:\/\/omicrone.fr\/fr\/wp-content\/uploads\/2023\/03\/covea-finance.png\" class=\"attachment-full\" alt=\"\" decoding=\"async\" loading=\"lazy\" \/><\/div><div class=\"single_image wpb_content_element align-left    \" data-animation=\"none\" data-delay=\"0\"><img width=\"150\" height=\"74\" src=\"https:\/\/omicrone.fr\/fr\/wp-content\/uploads\/2023\/03\/maif.png\" class=\"attachment-full\" alt=\"\" decoding=\"async\" loading=\"lazy\" \/><\/div><div class=\"single_image wpb_content_element align-left    \" data-animation=\"none\" data-delay=\"0\"><img width=\"150\" height=\"74\" src=\"https:\/\/omicrone.fr\/fr\/wp-content\/uploads\/2023\/03\/aesio-mutuelle.png\" class=\"attachment-full\" alt=\"\" decoding=\"async\" loading=\"lazy\" \/><\/div><div class=\"single_image wpb_content_element align-left    \" data-animation=\"none\" data-delay=\"0\"><img width=\"150\" height=\"74\" src=\"https:\/\/omicrone.fr\/fr\/wp-content\/uploads\/2023\/03\/oddo-bhf.png\" class=\"attachment-full\" alt=\"\" decoding=\"async\" loading=\"lazy\" \/><\/div><div class=\"single_image wpb_content_element align-left    \" data-animation=\"none\" data-delay=\"0\"><img width=\"150\" height=\"74\" src=\"https:\/\/omicrone.fr\/fr\/wp-content\/uploads\/2023\/03\/credit-agricole-CIB.png\" class=\"attachment-full\" alt=\"\" decoding=\"async\" loading=\"lazy\" \/><\/div><div class=\"single_image wpb_content_element align-left    \" data-animation=\"none\" data-delay=\"0\"><img width=\"150\" height=\"74\" src=\"https:\/\/omicrone.fr\/fr\/wp-content\/uploads\/2023\/03\/natixis.png\" class=\"attachment-full\" alt=\"\" decoding=\"async\" loading=\"lazy\" \/><\/div><\/div>[\/vc_column][\/vc_row]<\/p>\n","protected":false},"excerpt":{"rendered":"<p>[vc_row type=\u00a0\u00bbfull_width_section\u00a0\u00bb][vc_column width=\u00a0\u00bb1\/1&Prime;][rev_slider_vc alias=\u00a0\u00bbvideo-single-slide-1&Prime;][\/vc_column][\/vc_row][vc_row top_padding=\u00a0\u00bb100&Prime; bottom_padding=\u00a0\u00bb100&Prime; bg_position=\u00a0\u00bbleft top\u00a0\u00bb][vc_column width=\u00a0\u00bb1\/3&Prime;][\/vc_column][vc_column width=\u00a0\u00bb1\/3&Prime;][\/vc_column][vc_column width=\u00a0\u00bb1\/3&Prime;][\/vc_column][\/vc_row][vc_row bg_color=\u00a0\u00bb#222222&Prime; text_color=\u00a0\u00bblight\u00a0\u00bb top_padding=\u00a0\u00bb100&Prime; bottom_padding=\u00a0\u00bb100&Prime; bg_position=\u00a0\u00bbleft top\u00a0\u00bb][vc_column width=\u00a0\u00bb1\/2&Prime;][\/vc_column][vc_column width=\u00a0\u00bb1\/2&Prime;][\/vc_column][\/vc_row][vc_row bg_color=\u00a0\u00bb#1951a0&Prime; text_color=\u00a0\u00bblight\u00a0\u00bb top_padding=\u00a0\u00bb50&Prime; bottom_padding=\u00a0\u00bb40&Prime; bg_position=\u00a0\u00bbleft top\u00a0\u00bb][vc_column width=\u00a0\u00bb1\/4&Prime;][\/vc_column][vc_column width=\u00a0\u00bb1\/4&Prime;][\/vc_column][vc_column width=\u00a0\u00bb1\/4&Prime;][\/vc_column][vc_column width=\u00a0\u00bb1\/4&Prime;][\/vc_column][\/vc_row][vc_row section_arrow=\u00a0\u00bbfalse\u00a0\u00bb top_padding=\u00a0\u00bb70&Prime; bottom_padding=\u00a0\u00bb70&Prime; bg_position=\u00a0\u00bbleft top\u00a0\u00bb][vc_column width=\u00a0\u00bb1\/3&Prime;][\/vc_column][vc_column width=\u00a0\u00bb1\/3&Prime;][\/vc_column][vc_column width=\u00a0\u00bb1\/3&Prime;][\/vc_column][\/vc_row][vc_row bg_color=\u00a0\u00bb#f9f9f9&Prime; top_padding=\u00a0\u00bb100&Prime;][vc_column width=\u00a0\u00bb1\/2&Prime;][vc_column_text] Omicrone est un cabinet fran\u00e7ais ind\u00e9pendant, Omicrone est n\u00e9 en 2011 par deux consultants passionn\u00e9s. Tous deux issus de grands cabinets de conseil et port\u00e9s par une volont\u00e9 d\u2019entreprendre et de faire leur m\u00e9tier autrement, ils ont cr\u00e9\u00e9 un cabinet hybride, \u00e0 la crois\u00e9e des grands cabinets et des start-ups. Des missions \u00e0 forte valeur ajout\u00e9e d\u00e9clin\u00e9es par des \u00e9quipes passionn\u00e9es et engag\u00e9es qui s\u2019appuient sur des m\u00e9thodologies et des \u00ab acc\u00e9l\u00e9rateurs \u00bb construits au fil des r\u00e9alisations depuis une dizaine d\u2019ann\u00e9es. [\/vc_column_text][\/vc_column][vc_column width=\u00a0\u00bb1\/2&Prime;][\/vc_column][\/vc_row][vc_row type=\u00a0\u00bbfull_width_section\u00a0\u00bb top_padding=\u00a0\u00bb100&Prime; bg_position=\u00a0\u00bbcenter top\u00a0\u00bb][vc_column width=\u00a0\u00bb1\/1&Prime;][\/vc_column][\/vc_row][vc_row type=\u00a0\u00bbfull_width_section\u00a0\u00bb top_padding=\u00a0\u00bb30&Prime; bottom_padding=\u00a0\u00bb30&Prime; bg_position=\u00a0\u00bbcenter top\u00a0\u00bb][vc_column width=\u00a0\u00bb1\/1&Prime;][vc_row_inner][vc_column_inner css=\u00a0\u00bb.vc_custom_1687532300376{padding-right: 200px !important;padding-left: 200px !important;}\u00a0\u00bb][\/vc_column_inner][\/vc_row_inner][\/vc_column][\/vc_row][vc_row top_padding=\u00a0\u00bb20&Prime; bottom_padding=\u00a0\u00bb20&Prime;][vc_column width=\u00a0\u00bb1\/1&Prime;][\/vc_column][\/vc_row]<\/p>\n","protected":false},"author":1,"featured_media":0,"parent":0,"menu_order":0,"comment_status":"open","ping_status":"closed","template":"","meta":[],"_links":{"self":[{"href":"https:\/\/omicrone.fr\/fr\/wp-json\/wp\/v2\/pages\/14045"}],"collection":[{"href":"https:\/\/omicrone.fr\/fr\/wp-json\/wp\/v2\/pages"}],"about":[{"href":"https:\/\/omicrone.fr\/fr\/wp-json\/wp\/v2\/types\/page"}],"author":[{"embeddable":true,"href":"https:\/\/omicrone.fr\/fr\/wp-json\/wp\/v2\/users\/1"}],"replies":[{"embeddable":true,"href":"https:\/\/omicrone.fr\/fr\/wp-json\/wp\/v2\/comments?post=14045"}],"version-history":[{"count":59,"href":"https:\/\/omicrone.fr\/fr\/wp-json\/wp\/v2\/pages\/14045\/revisions"}],"predecessor-version":[{"id":15871,"href":"https:\/\/omicrone.fr\/fr\/wp-json\/wp\/v2\/pages\/14045\/revisions\/15871"}],"wp:attachment":[{"href":"https:\/\/omicrone.fr\/fr\/wp-json\/wp\/v2\/media?parent=14045"}],"curies":[{"name":"wp","href":"https:\/\/api.w.org\/{rel}","templated":true}]}}