{"id":12749,"date":"2015-01-06T16:48:30","date_gmt":"2015-01-06T15:48:30","guid":{"rendered":"http:\/\/localhost\/themes\/unicon\/?page_id=12749"},"modified":"2023-03-23T17:56:33","modified_gmt":"2023-03-23T16:56:33","slug":"expertises","status":"publish","type":"page","link":"https:\/\/omicrone.fr\/fr\/pages\/expertises\/","title":{"rendered":"Expertises"},"content":{"rendered":"<p>[vc_row bg_color=\u00a0\u00bb#f9f9f9&Prime; top_padding=\u00a0\u00bb100&Prime; bottom_padding=\u00a0\u00bb100&Prime;][vc_column width=\u00a0\u00bb1\/1&Prime;]<h1 class=\"headline font-inherit fontsize-xxxxxl fontweight-300 lh-13 align-left transform-inherit \" style=\"margin: 0 0 40px 0; color: #1c9cc9;\">Nous concevons des solutions \u00e9l\u00e9gantes<br \/>\navec des technologies puissantes<br \/>\net des strat\u00e9gies solides.<\/h1><div class=\"headline font-inherit fontsize-l fontweight-400 lh-inherit align-left transform-inherit \" style=\"margin: 0; color: #777777;\">Omicrone accompagne les plus grands acteurs de l\u2019assurance et de<br \/>\nla banque afin de r\u00e9pondre a\u0300 leurs enjeux op\u00e9rationnels et r\u00e9glementaires.<\/div>[\/vc_column][\/vc_row][vc_row top_padding=\u00a0\u00bb100&Prime; bottom_padding=\u00a0\u00bb100&Prime; bg_position=\u00a0\u00bbleft top\u00a0\u00bb][vc_column width=\u00a0\u00bb1\/3&Prime;]<div class=\"single_image wpb_content_element align-left    \" data-animation=\"none\" data-delay=\"0\"><img width=\"168\" height=\"140\" src=\"https:\/\/omicrone.fr\/fr\/wp-content\/uploads\/2023\/03\/icon-finance-services.png\" class=\"attachment-full\" alt=\"\" decoding=\"async\" loading=\"lazy\" \/><\/div>[vc_column_text]<\/p>\n<h6>Practice finance<\/h6>\n<p align=\"justify\">Face aux changements profonds de l\u2019\u00e9cosyst\u00e8me des Services Financiers induits par les pressions financi\u00e8res, r\u00e9glementaires, technologiques et concurrentielles, ses acteurs ont l\u2019opportunit\u00e9 de se transformer vers des mod\u00e8les de cr\u00e9ation de valeur centr\u00e9s sur l\u2019exp\u00e9rience client. Omicrone accompagne des institutions financi\u00e8res dans la banque et l\u2019assurance : banque de d\u00e9tail, banque de financement et d\u2019investissement, banque priv\u00e9e et gestion d\u2019actifs, assurance des particuliers et des entreprises, acteurs des moyens de paiement ainsi que FinTech\/InsurTech.<\/p>\n<ul class=\"highlight\">\n<li><a href=\"http:\/\/omicrone.fr\/fr\/pages\/asset-management\/\">Asset management<\/a><\/li>\n<li><a href=\"http:\/\/omicrone.fr\/fr\/pages\/gestion-risque\/\">Gestion des risques<\/a><\/li>\n<li><a href=\"http:\/\/omicrone.fr\/fr\/pages\/actuariat\/\">Actuariat<\/a><\/li>\n<li><a href=\"http:\/\/omicrone.fr\/fr\/pages\/direction-financiere\/\">Direction financi\u00e8re<\/a><\/li>\n<\/ul>\n<p>[\/vc_column_text][\/vc_column][vc_column width=\u00a0\u00bb1\/3&Prime;]<div class=\"single_image wpb_content_element align-left    \" data-animation=\"none\" data-delay=\"0\"><img width=\"168\" height=\"140\" src=\"https:\/\/omicrone.fr\/fr\/wp-content\/uploads\/2023\/03\/icon-transformation-IT.png\" class=\"attachment-full\" alt=\"\" decoding=\"async\" loading=\"lazy\" \/><\/div>[vc_column_text]<\/p>\n<h6>Practice IT<\/h6>\n<p align=\"justify\">La transition num\u00e9rique a provoqu\u00e9 de nombreux changements au sein des entreprises. La technologie est partout et au service des m\u00e9tiers pour concr\u00e9tiser les id\u00e9es en produits ou services. Le monde actuel est ultra connect\u00e9, en mutation permanente et les organisations doivent se renouveler pour garder leur avance.<br \/>\nPour relever ce d\u00e9fi, Omicrone vous soutient dans la conception\/am\u00e9lioration de vos architectures cibles et de vos processus m\u00e9tier, la coh\u00e9rence de votre SI avec vos ambitions strat\u00e9giques d\u2019entreprise mais aussi le suivi de vos ressources pendant toute la phase de transition.<\/p>\n<ul class=\"highlight\">\n<li><a href=\"http:\/\/omicrone.fr\/fr\/pages\/developpement-it\">D\u00e9veloppement IT<\/a><\/li>\n<li><a href=\"http:\/\/omicrone.fr\/fr\/pages\/cloud-devops\">Cloud et DevOps<\/a><\/li>\n<li><a href=\"http:\/\/omicrone.fr\/fr\/pages\/data-ia\">Data &amp; IA<\/a><\/li>\n<\/ul>\n<p>[\/vc_column_text][\/vc_column][vc_column width=\u00a0\u00bb1\/3&Prime;]<div class=\"single_image wpb_content_element align-left    \" data-animation=\"none\" data-delay=\"0\"><img width=\"168\" height=\"140\" src=\"https:\/\/omicrone.fr\/fr\/wp-content\/uploads\/2023\/03\/icon-transformation-services.png\" class=\"attachment-full\" alt=\"\" decoding=\"async\" loading=\"lazy\" \/><\/div>[vc_column_text]<\/p>\n<h6>Practice Transformation et organisation Agile<\/h6>\n<p align=\"justify\">L\u2019Agilit\u00e9 est un facteur cl\u00e9 de succ\u00e8s pour les entreprises : elle permet d\u2019augmenter la valeur m\u00e9tier et la rapidit\u00e9 de mise sur le march\u00e9 \u201ctime-to-market\u201d, de stimuler la cr\u00e9ativit\u00e9, d\u2019acc\u00e9l\u00e9rer la livraison\u2026 Les avantages sont multiples.<br \/>\nSa mise en \u0153uvre implique la modification de nombreuses logiques : adoption d\u2019une d\u00e9marche ax\u00e9e sur la valeur m\u00e9tier, autonomisation des \u00e9quipes, instauration d\u2019une coh\u00e9sion de groupe et d\u2019une culture de l\u2019am\u00e9lioration continue\u2026 Omicrone vous soutient dans la transition Agile de votre organisation, en \u00e9laborant avec vous la meilleure solution : conception d\u2019un cadre adapt\u00e9 \u00e0 votre situation et fond\u00e9 sur les meilleures pratiques du secteur, d\u00e9ploiement et suivi de vos \u00e9quipes\u2026<\/p>\n<ul class=\"highlight\">\n<li><a href=\"http:\/\/omicrone.fr\/fr\/pages\/strategie-it\">Strat\u00e9gie IT<\/a><\/li>\n<li><a href=\"http:\/\/omicrone.fr\/fr\/pages\/architecture\">Architecture<\/a><\/li>\n<li><a href=\"http:\/\/omicrone.fr\/fr\/pages\/agilite\">Agilit\u00e9<\/a><\/li>\n<\/ul>\n<p>[\/vc_column_text][\/vc_column][\/vc_row][vc_row bg_image=\u00a0\u00bb15645&Prime; parallax_bg=\u00a0\u00bbtrue\u00a0\u00bb text_color=\u00a0\u00bblight\u00a0\u00bb text_align=\u00a0\u00bbcenter\u00a0\u00bb top_padding=\u00a0\u00bb140&Prime; bottom_padding=\u00a0\u00bb140&Prime;][vc_column width=\u00a0\u00bb1\/1&Prime;]<h3 class=\"headline font-inherit fontsize-xxxxl fontweight-300 lh-inherit align-center transform-inherit \" style=\"margin: 0 0 20px 0;\">OMICRONE<\/h3><div class=\"headline font-inherit fontsize-m fontweight-400 lh-inherit align-center transform-inherit \" style=\"margin: 0 0 40px 0; color: rgba(255,255,255,0.7);\">\n<\/div>[\/vc_column][\/vc_row][vc_row top_padding=\u00a0\u00bb100&Prime; bottom_padding=\u00a0\u00bb100&Prime; bg_position=\u00a0\u00bbleft top\u00a0\u00bb][vc_column width=\u00a0\u00bb2\/3&Prime;][vc_column_text]<\/p>\n<h6>Votre partenaire de confiance<\/h6>\n<p align=\"justify\">Omicrone allie des comp\u00e9tences m\u00e9tiers approfondies \u00e0 des innovations technologiques de pointe pour vous aider \u00e0 r\u00e9ussir vos projets de transformation strat\u00e9gique. Notre \u00e9quipe est compos\u00e9e de professionnels hautement qualifi\u00e9s qui ont une exp\u00e9rience consid\u00e9rable dans un large \u00e9ventail de secteurs d&rsquo;activit\u00e9. Notre objectif est de vous aider \u00e0 atteindre vos objectifs commerciaux et \u00e0 prosp\u00e9rer dans un environnement commercial en constante \u00e9volution.<\/p>\n<p>[\/vc_column_text][\/vc_column][vc_column width=\u00a0\u00bb1\/3&Prime;][vc_column_text]<\/p>\n<h6>Notre Mission<\/h6>\n<p>Notre mission consiste \u00e0 offrir \u00e0 nos clients des services de conseil et d\u2019assistance pour les aider \u00e0 concevoir, d\u00e9velopper et lancer de nouveaux produits et services, ainsi qu\u2019\u00e0 am\u00e9liorer leurs syst\u00e8mes d\u2019information afin d\u2019optimiser leur performance commerciale.[\/vc_column_text][\/vc_column][\/vc_row]<\/p>\n","protected":false},"excerpt":{"rendered":"<p>[vc_row bg_color=\u00a0\u00bb#f9f9f9&Prime; top_padding=\u00a0\u00bb100&Prime; bottom_padding=\u00a0\u00bb100&Prime;][vc_column width=\u00a0\u00bb1\/1&Prime;][\/vc_column][\/vc_row][vc_row top_padding=\u00a0\u00bb100&Prime; bottom_padding=\u00a0\u00bb100&Prime; bg_position=\u00a0\u00bbleft top\u00a0\u00bb][vc_column width=\u00a0\u00bb1\/3&Prime;][vc_column_text] Practice finance Face aux changements profonds de l\u2019\u00e9cosyst\u00e8me des Services Financiers induits par les pressions financi\u00e8res, r\u00e9glementaires, technologiques et concurrentielles, ses acteurs ont l\u2019opportunit\u00e9 de se transformer vers des mod\u00e8les de cr\u00e9ation de valeur centr\u00e9s sur l\u2019exp\u00e9rience client. Omicrone accompagne des institutions financi\u00e8res dans la banque et l\u2019assurance : banque de d\u00e9tail, banque de financement et d\u2019investissement, banque priv\u00e9e et gestion d\u2019actifs, assurance des particuliers et des entreprises, acteurs des moyens de paiement ainsi que FinTech\/InsurTech. Asset management Gestion des risques Actuariat Direction financi\u00e8re [\/vc_column_text][\/vc_column][vc_column width=\u00a0\u00bb1\/3&Prime;][vc_column_text] Practice IT La transition num\u00e9rique a provoqu\u00e9 de nombreux changements au sein des entreprises. La technologie est partout et au service des m\u00e9tiers pour concr\u00e9tiser les id\u00e9es en produits ou services. Le monde actuel est ultra connect\u00e9, en mutation permanente et les organisations doivent se renouveler pour garder leur avance. Pour relever ce d\u00e9fi, Omicrone vous soutient dans la conception\/am\u00e9lioration de vos architectures cibles et de vos processus m\u00e9tier, la coh\u00e9rence de votre SI avec vos ambitions strat\u00e9giques d\u2019entreprise mais aussi le suivi de vos ressources pendant toute la phase de transition. D\u00e9veloppement IT Cloud et DevOps Data &amp; IA [\/vc_column_text][\/vc_column][vc_column width=\u00a0\u00bb1\/3&Prime;][vc_column_text] Practice Transformation [&hellip;]<\/p>\n","protected":false},"author":1,"featured_media":0,"parent":3182,"menu_order":0,"comment_status":"open","ping_status":"closed","template":"","meta":[],"_links":{"self":[{"href":"https:\/\/omicrone.fr\/fr\/wp-json\/wp\/v2\/pages\/12749"}],"collection":[{"href":"https:\/\/omicrone.fr\/fr\/wp-json\/wp\/v2\/pages"}],"about":[{"href":"https:\/\/omicrone.fr\/fr\/wp-json\/wp\/v2\/types\/page"}],"author":[{"embeddable":true,"href":"https:\/\/omicrone.fr\/fr\/wp-json\/wp\/v2\/users\/1"}],"replies":[{"embeddable":true,"href":"https:\/\/omicrone.fr\/fr\/wp-json\/wp\/v2\/comments?post=12749"}],"version-history":[{"count":19,"href":"https:\/\/omicrone.fr\/fr\/wp-json\/wp\/v2\/pages\/12749\/revisions"}],"predecessor-version":[{"id":15696,"href":"https:\/\/omicrone.fr\/fr\/wp-json\/wp\/v2\/pages\/12749\/revisions\/15696"}],"up":[{"embeddable":true,"href":"https:\/\/omicrone.fr\/fr\/wp-json\/wp\/v2\/pages\/3182"}],"wp:attachment":[{"href":"https:\/\/omicrone.fr\/fr\/wp-json\/wp\/v2\/media?parent=12749"}],"curies":[{"name":"wp","href":"https:\/\/api.w.org\/{rel}","templated":true}]}}